{"id":22679,"date":"2021-03-16T15:28:51","date_gmt":"2021-03-16T15:28:51","guid":{"rendered":"https:\/\/fspac.ubbcluj.ro\/digitalcluj\/ro\/?page_id=22679"},"modified":"2021-03-16T15:43:16","modified_gmt":"2021-03-16T15:43:16","slug":"comentarii-generale","status":"publish","type":"page","link":"https:\/\/fspac.ubbcluj.ro\/digitalcluj\/ro\/comentarii-generale\/","title":{"rendered":"Comentarii generale"},"content":{"rendered":"\t\t<div data-elementor-type=\"wp-page\" data-elementor-id=\"22679\" class=\"elementor elementor-22679\">\n\t\t\t\t\t\t\t\t\t<section class=\"elementor-section elementor-top-section elementor-element elementor-element-e093fed elementor-section-boxed elementor-section-height-default elementor-section-height-default\" data-id=\"e093fed\" data-element_type=\"section\">\n\t\t\t\t\t\t<div class=\"elementor-container elementor-column-gap-default\">\n\t\t\t\t\t<div class=\"elementor-column elementor-col-100 elementor-top-column elementor-element elementor-element-050ca65\" data-id=\"050ca65\" data-element_type=\"column\">\n\t\t\t<div class=\"elementor-widget-wrap elementor-element-populated\">\n\t\t\t\t\t\t\t\t<div class=\"elementor-element elementor-element-510ea27 elementor-widget elementor-widget-text-editor\" data-id=\"510ea27\" data-element_type=\"widget\" data-widget_type=\"text-editor.default\">\n\t\t\t\t<div class=\"elementor-widget-container\">\n\t\t\t\t\t\t\t<p>V\u0103 mul\u021bumim pentru c\u0103 dori\u021bi s\u0103 participa\u021bi la \u00eembun\u0103t\u0103\u021birea Strategiei de transformare digital\u0103 a comunit\u0103\u021bii. \u00cen func\u021bie de tipul contribu\u021biei dumneavoastr\u0103, v\u0103 rug\u0103m s\u0103 completa\u021bi \u00eentr-unul dintre cele dou\u0103 formulare de mai jos: unul este rezervat comentariilor generale cu privire la document, al doilea ne ajut\u0103 s\u0103 colect\u0103m propuneri concrete de proiecte legate de transformarea digital\u0103 a Clujului.<\/p>\t\t\t\t\t\t<\/div>\n\t\t\t\t<\/div>\n\t\t\t\t\t<\/div>\n\t\t<\/div>\n\t\t\t\t\t\t\t<\/div>\n\t\t<\/section>\n\t\t\t\t<section class=\"elementor-section elementor-top-section elementor-element elementor-element-1d22e9f elementor-section-boxed elementor-section-height-default elementor-section-height-default\" data-id=\"1d22e9f\" data-element_type=\"section\">\n\t\t\t\t\t\t<div class=\"elementor-container elementor-column-gap-default\">\n\t\t\t\t\t<div class=\"elementor-column elementor-col-50 elementor-top-column elementor-element elementor-element-5f39a58\" data-id=\"5f39a58\" data-element_type=\"column\">\n\t\t\t<div class=\"elementor-widget-wrap elementor-element-populated\">\n\t\t\t\t\t\t\t\t<div class=\"elementor-element elementor-element-675a530 elementor-widget elementor-widget-heading\" data-id=\"675a530\" data-element_type=\"widget\" data-widget_type=\"heading.default\">\n\t\t\t\t<div class=\"elementor-widget-container\">\n\t\t\t<h3 class=\"elementor-heading-title elementor-size-default\">Comentarii generale<\/h3>\t\t<\/div>\n\t\t\t\t<\/div>\n\t\t\t\t\t<\/div>\n\t\t<\/div>\n\t\t\t\t<div class=\"elementor-column elementor-col-50 elementor-top-column elementor-element elementor-element-7a6c031\" data-id=\"7a6c031\" data-element_type=\"column\">\n\t\t\t<div class=\"elementor-widget-wrap elementor-element-populated\">\n\t\t\t\t\t\t\t\t<div class=\"elementor-element elementor-element-8e30cb9 elementor-widget elementor-widget-heading\" data-id=\"8e30cb9\" data-element_type=\"widget\" data-widget_type=\"heading.default\">\n\t\t\t\t<div class=\"elementor-widget-container\">\n\t\t\t<h3 class=\"elementor-heading-title elementor-size-default\">Propuneri de proiecte<\/h3>\t\t<\/div>\n\t\t\t\t<\/div>\n\t\t\t\t\t<\/div>\n\t\t<\/div>\n\t\t\t\t\t\t\t<\/div>\n\t\t<\/section>\n\t\t\t\t<section class=\"elementor-section elementor-top-section elementor-element elementor-element-fd30b86 elementor-section-boxed elementor-section-height-default elementor-section-height-default\" data-id=\"fd30b86\" data-element_type=\"section\">\n\t\t\t\t\t\t<div class=\"elementor-container elementor-column-gap-default\">\n\t\t\t\t\t<div class=\"elementor-column elementor-col-50 elementor-top-column elementor-element elementor-element-dd8f44d\" data-id=\"dd8f44d\" data-element_type=\"column\">\n\t\t\t<div class=\"elementor-widget-wrap elementor-element-populated\">\n\t\t\t\t\t\t\t\t<div class=\"elementor-element elementor-element-702ab01 elementor-widget elementor-widget-text-editor\" data-id=\"702ab01\" data-element_type=\"widget\" data-widget_type=\"text-editor.default\">\n\t\t\t\t<div class=\"elementor-widget-container\">\n\t\t\t\t\t\t\t<p>[fc id=&#8217;2&#8242;][\/fc]<\/p>\t\t\t\t\t\t<\/div>\n\t\t\t\t<\/div>\n\t\t\t\t\t<\/div>\n\t\t<\/div>\n\t\t\t\t<div class=\"elementor-column elementor-col-50 elementor-top-column elementor-element elementor-element-cff7379\" data-id=\"cff7379\" data-element_type=\"column\">\n\t\t\t<div class=\"elementor-widget-wrap elementor-element-populated\">\n\t\t\t\t\t\t\t\t<div class=\"elementor-element elementor-element-6f3ec0e elementor-widget elementor-widget-text-editor\" data-id=\"6f3ec0e\" data-element_type=\"widget\" data-widget_type=\"text-editor.default\">\n\t\t\t\t<div class=\"elementor-widget-container\">\n\t\t\t\t\t\t\t<p>[fc id=&#8217;3&#8242;][\/fc]<\/p>\t\t\t\t\t\t<\/div>\n\t\t\t\t<\/div>\n\t\t\t\t\t<\/div>\n\t\t<\/div>\n\t\t\t\t\t\t\t<\/div>\n\t\t<\/section>\n\t\t\t\t\t\t\t<\/div>\n\t\t","protected":false},"excerpt":{"rendered":"<p>V\u0103 mul\u021bumim pentru c\u0103 dori\u021bi s\u0103 participa\u021bi la \u00eembun\u0103t\u0103\u021birea Strategiei de transformare digital\u0103 a comunit\u0103\u021bii. \u00cen func\u021bie de tipul contribu\u021biei dumneavoastr\u0103, v\u0103 rug\u0103m s\u0103 completa\u021bi \u00eentr-unul dintre cele dou\u0103 formulare de mai jos: unul este rezervat comentariilor generale cu privire la document, al doilea ne&#8230;<\/p>\n","protected":false},"author":1,"featured_media":0,"parent":0,"menu_order":0,"comment_status":"closed","ping_status":"closed","template":"","meta":[],"_links":{"self":[{"href":"https:\/\/fspac.ubbcluj.ro\/digitalcluj\/ro\/wp-json\/wp\/v2\/pages\/22679"}],"collection":[{"href":"https:\/\/fspac.ubbcluj.ro\/digitalcluj\/ro\/wp-json\/wp\/v2\/pages"}],"about":[{"href":"https:\/\/fspac.ubbcluj.ro\/digitalcluj\/ro\/wp-json\/wp\/v2\/types\/page"}],"author":[{"embeddable":true,"href":"https:\/\/fspac.ubbcluj.ro\/digitalcluj\/ro\/wp-json\/wp\/v2\/users\/1"}],"replies":[{"embeddable":true,"href":"https:\/\/fspac.ubbcluj.ro\/digitalcluj\/ro\/wp-json\/wp\/v2\/comments?post=22679"}],"version-history":[{"count":8,"href":"https:\/\/fspac.ubbcluj.ro\/digitalcluj\/ro\/wp-json\/wp\/v2\/pages\/22679\/revisions"}],"predecessor-version":[{"id":22689,"href":"https:\/\/fspac.ubbcluj.ro\/digitalcluj\/ro\/wp-json\/wp\/v2\/pages\/22679\/revisions\/22689"}],"wp:attachment":[{"href":"https:\/\/fspac.ubbcluj.ro\/digitalcluj\/ro\/wp-json\/wp\/v2\/media?parent=22679"}],"curies":[{"name":"wp","href":"https:\/\/api.w.org\/{rel}","templated":true}]}}