{"id":87,"date":"2020-02-06T09:06:18","date_gmt":"2020-02-06T09:06:18","guid":{"rendered":"https:\/\/litho.themezaa.com\/?page_id=87"},"modified":"2022-09-22T10:45:16","modified_gmt":"2022-09-22T10:45:16","slug":"despre","status":"publish","type":"page","link":"https:\/\/fspac.ubbcluj.ro\/dcrpp\/despre\/","title":{"rendered":"Despre #dcrpp"},"content":{"rendered":"\t\t<div data-elementor-type=\"wp-page\" data-elementor-id=\"87\" class=\"elementor elementor-87\">\n\t\t\t\t\t\t<section data-particle_enable=\"false\" data-particle-mobile-disabled=\"false\" class=\"elementor-section elementor-top-section elementor-element elementor-element-8927fb0 elementor-section-boxed elementor-section-height-default elementor-section-height-default elementor-invisible\" data-id=\"8927fb0\" data-element_type=\"section\" data-settings=\"{&quot;background_background&quot;:&quot;classic&quot;,&quot;animation&quot;:&quot;fadeIn&quot;}\">\n\t\t\t\t\t\t<div class=\"elementor-container elementor-column-gap-default\">\n\t\t\t\t\t<div class=\" elementor-column elementor-col-100 elementor-top-column elementor-element elementor-element-a03d0e3\" data-fullscreen-column-settings=\"{&quot;fullscreen&quot;:&quot;&quot;}\" data-id=\"a03d0e3\" data-element_type=\"column\">\n\t\t\t<div class=\"elementor-widget-wrap elementor-element-populated\">\n\t\t\t\t\t\t<div data-particle_enable=\"false\" data-particle-mobile-disabled=\"false\" class=\"elementor-section elementor-inner-section elementor-element elementor-element-099566a elementor-section-boxed elementor-section-height-default elementor-section-height-default\" data-id=\"099566a\" data-element_type=\"section\">\n\t\t\t\t\t\t<div class=\"elementor-container elementor-column-gap-default\">\n\t\t\t\t\t<div class=\" elementor-column elementor-col-25 elementor-inner-column elementor-element elementor-element-6e58e96 elementor-hidden-phone\" data-fullscreen-column-settings=\"{&quot;fullscreen&quot;:&quot;&quot;}\" data-id=\"6e58e96\" data-element_type=\"column\">\n\t\t\t<div class=\"elementor-widget-wrap\">\n\t\t\t\t\t\t\t<\/div>\n\t\t<\/div>\n\t\t\t\t<div class=\" elementor-column elementor-col-50 elementor-inner-column elementor-element elementor-element-fb8a37d\" data-fullscreen-column-settings=\"{&quot;fullscreen&quot;:&quot;&quot;}\" data-id=\"fb8a37d\" data-element_type=\"column\">\n\t\t\t<div class=\"elementor-widget-wrap elementor-element-populated\">\n\t\t\t\t\t\t<div class=\"elementor-element elementor-element-b1ab120 elementor-widget elementor-widget-litho-heading\" data-id=\"b1ab120\" data-element_type=\"widget\" data-widget_type=\"litho-heading.default\">\n\t\t\t\t<div class=\"elementor-widget-container\">\n\t\t\t\t\t<span class=\"litho-heading elementor-size-default\"><span class=\"litho-primary-title\">#dcrpp<\/span><\/span>\t\t\t\t<\/div>\n\t\t\t\t<\/div>\n\t\t\t\t<div class=\"elementor-element elementor-element-6adb123 elementor-widget elementor-widget-litho-heading\" data-id=\"6adb123\" data-element_type=\"widget\" data-widget_type=\"litho-heading.default\">\n\t\t\t\t<div class=\"elementor-widget-container\">\n\t\t\t\t\t<h5 class=\"litho-heading elementor-size-default\"><span class=\"litho-primary-title\">20 de ani de excelen\u021b\u0103 academic\u0103<\/span><\/h5>\t\t\t\t<\/div>\n\t\t\t\t<\/div>\n\t\t\t\t\t<\/div>\n\t\t<\/div>\n\t\t\t\t<div class=\" elementor-column elementor-col-25 elementor-inner-column elementor-element elementor-element-e910dcf elementor-hidden-phone\" data-fullscreen-column-settings=\"{&quot;fullscreen&quot;:&quot;&quot;}\" data-id=\"e910dcf\" data-element_type=\"column\">\n\t\t\t<div class=\"elementor-widget-wrap\">\n\t\t\t\t\t\t\t<\/div>\n\t\t<\/div>\n\t\t\t\t\t<\/div>\n\t\t<\/div>\n\t\t\t\t<div data-particle_enable=\"false\" data-particle-mobile-disabled=\"false\" class=\"elementor-section elementor-inner-section elementor-element elementor-element-a7c812f elementor-section-boxed elementor-section-height-default elementor-section-height-default\" data-id=\"a7c812f\" data-element_type=\"section\">\n\t\t\t\t\t\t<div class=\"elementor-container elementor-column-gap-default\">\n\t\t\t\t\t<div class=\" elementor-column elementor-col-50 elementor-inner-column elementor-element elementor-element-9c352fb\" data-fullscreen-column-settings=\"{&quot;fullscreen&quot;:&quot;&quot;}\" data-id=\"9c352fb\" data-element_type=\"column\">\n\t\t\t<div class=\"elementor-widget-wrap elementor-element-populated\">\n\t\t\t\t\t\t<div class=\"elementor-element elementor-element-9b410e1 elementor-position-left elementor-widget-tablet__width-initial elementor-widget-mobile__width-inherit elementor-view-default elementor-mobile-position-top elementor-vertical-align-top elementor-invisible elementor-widget elementor-widget-litho-icon-box\" data-id=\"9b410e1\" data-element_type=\"widget\" data-settings=\"{&quot;_animation&quot;:&quot;fadeIn&quot;}\" data-widget_type=\"litho-icon-box.default\">\n\t\t\t\t<div class=\"elementor-widget-container\">\n\t\t\t\t\t\t\t\t<div class=\"elementor-icon-box-wrapper litho-icon-box-wrapper\">\n\t\t\t\t\t\t\t\t<div class=\"elementor-icon-box-icon\">\t\t\t\t\t<span class=\"elementor-icon elementor-animation-\" >\n\t\t\t\t\t\t<i aria-hidden=\"true\" class=\" solid-icon-Speach-BubbleComic3\"><\/i>\t\t\t\t\t<\/span>\n\t\t\t\t<\/div>\n\t\t\t\t\t\t\t\t<div class=\"elementor-icon-box-content\">\n\t\t\t\t\t\t\t\t\t\t\t<span class=\"elementor-icon-box-title\"><span >Comunic\u0103m academic din 2001<\/span>\n\t\t\t\t\t\t<\/span>\n\t\t\t\t\t\t\t\t\t\t<p class=\"elementor-icon-box-description\">Specializarea de Comunicare \u0219i Rela\u021bii Publice din cadrul Departamentului de Comunicare, Rela\u021bii Publice \u0219i Publicitate a fost creat\u0103 \u00een anul 2001, bucur\u00e2ndu-se de cadre didactice tinere care promoveaz\u0103 metode de predare bazate pe interac\u021biunea permanent\u0103 cu studen\u021bii. Specializarea de Comunicare \u0219i Rela\u021bii Publice s-a afirmat \u00een domeniul educa\u021biei dedicate comunic\u0103rii prin flexibilitatea \u0219i adaptarea la cerin\u021bele pie\u021bei for\u021bei de munc\u0103, \u00eencuraj\u00e2nd studen\u021bii s\u0103 exceleze \u00een domeniile  directe \u0219i conexe comunic\u0103rii. Mai mult, studen\u021bii no\u0219tri sunt \u00eencuraja\u021bi s\u0103 g\u00e2ndeasc\u0103 liber, s\u0103 fie creativi \u0219i s\u0103 \u00ee\u0219i prezinte opiniile argumentat \u0219i \u00eentr-o manier\u0103 deschis\u0103. \n\nAdaptarea specializ\u0103rii la ritmul alert al societ\u0103\u021bii, al evolu\u021biei tehnologice \u0219i al informa\u021biilor, reprezint\u0103 un principiu \u0219i o valoare esen\u021biale, reg\u0103site \u0219i \u00een implicarea membrilor departamentului \u00een proiecte extracuriculare, respectiv colaborarea cu firmele de specialitate, sub forma de stagii de practic\u0103 \u0219i internshipuri oferite studen\u021bilor.<\/p>\n\t\t\t\t\t\t\t\t\t\t\t\t\t\t<\/div>\n\t\t\t<\/div>\n\t\t\t\t\t\t<\/div>\n\t\t\t\t<\/div>\n\t\t\t\t\t<\/div>\n\t\t<\/div>\n\t\t\t\t<div class=\" elementor-column elementor-col-50 elementor-inner-column elementor-element elementor-element-4bc7425\" data-fullscreen-column-settings=\"{&quot;fullscreen&quot;:&quot;&quot;}\" data-id=\"4bc7425\" data-element_type=\"column\">\n\t\t\t<div class=\"elementor-widget-wrap elementor-element-populated\">\n\t\t\t\t\t\t<div class=\"elementor-element elementor-element-e23d1f2 elementor-position-left elementor-widget-tablet__width-initial elementor-widget-mobile__width-inherit elementor-view-default elementor-mobile-position-top elementor-vertical-align-top elementor-invisible elementor-widget elementor-widget-litho-icon-box\" data-id=\"e23d1f2\" data-element_type=\"widget\" data-settings=\"{&quot;_animation&quot;:&quot;fadeIn&quot;}\" data-widget_type=\"litho-icon-box.default\">\n\t\t\t\t<div class=\"elementor-widget-container\">\n\t\t\t\t\t\t\t\t<div class=\"elementor-icon-box-wrapper litho-icon-box-wrapper\">\n\t\t\t\t\t\t\t\t<div class=\"elementor-icon-box-icon\">\t\t\t\t\t<span class=\"elementor-icon elementor-animation-\" >\n\t\t\t\t\t\t<i aria-hidden=\"true\" class=\" solid-icon-Professor\"><\/i>\t\t\t\t\t<\/span>\n\t\t\t\t<\/div>\n\t\t\t\t\t\t\t\t<div class=\"elementor-icon-box-content\">\n\t\t\t\t\t\t\t\t\t\t\t<span class=\"elementor-icon-box-title\"><span >Profilul studentului<\/span>\n\t\t\t\t\t\t<\/span>\n\t\t\t\t\t\t\t\t\t\t<p class=\"elementor-icon-box-description\">Sec\u0163ia de Comunicare \u015fi Rela\u0163ii Publice ofer\u0103 diplom\u0103 de Licen\u0163iat \u00een \u015etiin\u0163ele Comunic\u0103rii \u015fi urm\u0103re\u015fte s\u0103 creeze \u015fi s\u0103 dezvolte abilit\u0103\u0163i necesare profesiei de Consilier \u00een comunicare \u015fi rela\u0163ii publice.\n\nSub genericul acestei profesii absolven\u0163ii no\u015ftri vor putea presta activit\u0103\u0163i de:  consilier de imagine, PR & Social Media specialist,  purt\u0103tor de cuv\u00e2nt, brand communication officer, manager rela\u021bii cu clien\u021bii, mediator, strateg de campanii promo\u0163ionale \u00een domeniul PR (PR institu\u0163ional, PR politic, PR-produs, PR-ONG, PR cultural, PR sportiv etc.), specialist CSR (Corporate Social Responsibility Officer).<\/p>\n\t\t\t\t\t\t\t\t\t\t\t\t\t\t<\/div>\n\t\t\t<\/div>\n\t\t\t\t\t\t<\/div>\n\t\t\t\t<\/div>\n\t\t\t\t\t<\/div>\n\t\t<\/div>\n\t\t\t\t\t<\/div>\n\t\t<\/div>\n\t\t\t\t\t<\/div>\n\t\t<\/div>\n\t\t\t\t\t<\/div>\n\t\t<\/section>\n\t\t\t\t<section data-particle_enable=\"false\" data-particle-mobile-disabled=\"false\" class=\"elementor-section elementor-top-section elementor-element elementor-element-695fa67 elementor-section-boxed elementor-section-height-default elementor-section-height-default\" data-id=\"695fa67\" data-element_type=\"section\">\n\t\t\t\t\t\t<div class=\"elementor-container elementor-column-gap-default\">\n\t\t\t\t\t<div class=\" elementor-column elementor-col-100 elementor-top-column elementor-element elementor-element-81c1a8d\" data-fullscreen-column-settings=\"{&quot;fullscreen&quot;:&quot;&quot;}\" data-id=\"81c1a8d\" data-element_type=\"column\">\n\t\t\t<div class=\"elementor-widget-wrap elementor-element-populated\">\n\t\t\t\t\t\t<div class=\"elementor-element elementor-element-e15b3f5 elementor-position-left elementor-widget-tablet__width-initial elementor-widget-mobile__width-inherit elementor-view-default elementor-mobile-position-top elementor-vertical-align-top elementor-invisible elementor-widget elementor-widget-litho-icon-box\" data-id=\"e15b3f5\" data-element_type=\"widget\" data-settings=\"{&quot;_animation&quot;:&quot;fadeIn&quot;}\" data-widget_type=\"litho-icon-box.default\">\n\t\t\t\t<div class=\"elementor-widget-container\">\n\t\t\t\t\t\t\t\t<div class=\"elementor-icon-box-wrapper litho-icon-box-wrapper\">\n\t\t\t\t\t\t\t\t<div class=\"elementor-icon-box-icon\">\t\t\t\t\t<span class=\"elementor-icon elementor-animation-\" >\n\t\t\t\t\t\t<i aria-hidden=\"true\" class=\"fas fa-trophy\"><\/i>\t\t\t\t\t<\/span>\n\t\t\t\t<\/div>\n\t\t\t\t\t\t\t\t<div class=\"elementor-icon-box-content\">\n\t\t\t\t\t\t\t\t\t\t\t<span class=\"elementor-icon-box-title\"><span >Competen\u021be specifice<\/span>\n\t\t\t\t\t\t<\/span>\n\t\t\t\t\t\t\t\t\t\t<p class=\"elementor-icon-box-description\">Pentru exercitarea acestei profesii, studen\u0163ii trebuie s\u0103 dob\u00e2ndeasc\u0103 urm\u0103toarele competen\u0163e specifice:\n\nCompeten\u0163e de comunicator: foarte bun\u0103 st\u0103p\u00e2nire a resurselor limbajului verbal, paraverbal \u015fi nonverbal \u00een comunicare,\ncompeten\u0163e \u00een elaborarea \u015fi gestionarea de campanii de rela\u0163ii publice,\ncompeten\u0163e \u00een elaborarea \u015fi gestionarea de strategii publicitare,\ncompeten\u0163e \u00een aplicarea metodelor \u015fi tehnicilor de cercetare sociologic\u0103 \u00een domeniul rela\u0163iilor publice \u015fi publicit\u0103\u0163ii,\ncompeten\u0163e \u00een implementarea \u015fi dezvoltarea sistemelor de comunicare organiza\u0163ional\u0103 \u00een plan intern \u015fi extern,\ncompeten\u0163e de mediator, pentru managementul crizelor \u015fi conflictelor,\ncompeten\u0163e \u00een comunicarea interpersonal\u0103, inter-institu\u0163ional\u0103, intercultural\u0103 \u015fi interna\u0163ional\u0103.\nDe asemenea, urm\u0103rim formarea de competen\u0163e generale (transferabile), indispensabile oric\u0103rei profesii \u015fi, prin urmare, foarte apreciate pe pia\u0163a muncii:\n\ncapacitate de analiz\u0103 \u015fi sintez\u0103,\ncapacitate de a empatiza cu mediul social,\nabilitatea de a percepe corect \u015fi de a exploata eficient tendin\u0163ele sociale, politice \u015fi economice de imagine \u015fi con\u0163inut\ncapacitate de asimilare critic\u0103, prelucrare \u015fi exploatare a informa\u0163iei teoretice\nToate aceste competen\u0163e, at\u00e2t cele specifice, c\u00e2t \u015fi cele generale vor permite absolven\u0163ilor no\u015ftri, pe de o parte, s\u0103-\u015fi exercite cu succes profesia \u015fi, pe de alt\u0103 parte, s\u0103 aib\u0103 dorin\u0163a \u015fi capacitatea de a se auto-perfec\u0163iona, de a se adapta continuu unei societ\u0103\u0163i \u00een permanent\u0103 schimbare.<\/p>\n\t\t\t\t\t\t\t\t\t\t\t\t\t\t<\/div>\n\t\t\t<\/div>\n\t\t\t\t\t\t<\/div>\n\t\t\t\t<\/div>\n\t\t\t\t<div class=\"elementor-element elementor-element-9d4ab7a elementor-widget-divider--view-line elementor-widget elementor-widget-divider\" data-id=\"9d4ab7a\" data-element_type=\"widget\" data-widget_type=\"divider.default\">\n\t\t\t\t<div class=\"elementor-widget-container\">\n\t\t\t\t\t\t\t<div class=\"elementor-divider\">\n\t\t\t<span class=\"elementor-divider-separator\">\n\t\t\t\t\t\t<\/span>\n\t\t<\/div>\n\t\t\t\t\t\t<\/div>\n\t\t\t\t<\/div>\n\t\t\t\t\t<\/div>\n\t\t<\/div>\n\t\t\t\t\t<\/div>\n\t\t<\/section>\n\t\t\t\t<section data-particle_enable=\"false\" data-particle-mobile-disabled=\"false\" class=\"elementor-section elementor-top-section elementor-element elementor-element-8a23cec elementor-section-content-middle elementor-section-boxed elementor-section-height-default elementor-section-height-default elementor-invisible\" data-id=\"8a23cec\" data-element_type=\"section\" data-settings=\"{&quot;animation&quot;:&quot;fadeIn&quot;}\">\n\t\t\t\t\t\t<div class=\"elementor-container elementor-column-gap-default\">\n\t\t\t\t\t<div class=\" elementor-column elementor-col-66 elementor-top-column elementor-element elementor-element-dbd7bdd elementor-invisible\" data-fullscreen-column-settings=\"{&quot;fullscreen&quot;:&quot;&quot;}\" data-id=\"dbd7bdd\" data-element_type=\"column\" data-settings=\"{&quot;animation&quot;:&quot;fadeIn&quot;,&quot;animation_delay&quot;:100}\">\n\t\t\t<div class=\"elementor-widget-wrap elementor-element-populated\">\n\t\t\t\t\t\t<div class=\"elementor-element elementor-element-ae0dca6 elementor-widget elementor-widget-litho-heading\" data-id=\"ae0dca6\" data-element_type=\"widget\" data-widget_type=\"litho-heading.default\">\n\t\t\t\t<div class=\"elementor-widget-container\">\n\t\t\t\t\t<h6 class=\"litho-heading elementor-size-default\"><span class=\"litho-primary-title\">Creative thinkers,<\/span><span class=\"litho-secondary-title\"> clever communicators and advertising superheroes are welcomed here.<\/span><\/h6>\t\t\t\t<\/div>\n\t\t\t\t<\/div>\n\t\t\t\t\t<\/div>\n\t\t<\/div>\n\t\t\t\t<div class=\" elementor-column elementor-col-33 elementor-top-column elementor-element elementor-element-ec415a3 elementor-invisible\" data-fullscreen-column-settings=\"{&quot;fullscreen&quot;:&quot;&quot;}\" data-id=\"ec415a3\" data-element_type=\"column\" data-settings=\"{&quot;animation&quot;:&quot;fadeIn&quot;,&quot;animation_delay&quot;:200}\">\n\t\t\t<div class=\"elementor-widget-wrap elementor-element-populated\">\n\t\t\t\t\t\t<div class=\"elementor-element elementor-element-0ab909c elementor-widget-tablet__width-auto elementor-widget elementor-widget-litho-button\" data-id=\"0ab909c\" data-element_type=\"widget\" data-widget_type=\"litho-button.default\">\n\t\t\t\t<div class=\"elementor-widget-container\">\n\t\t\t\t\t\t\t\t\t<div class=\"elementor-button-wrapper litho-button-wrapper\">\n\t\t\t\t\t<a class=\"elementor-button-link elementor-button elementor-size-lg hvr-btn-slide-right-bg btn-custom-effect\" href=\"https:\/\/fspac.ubbcluj.ro\/dcrpp\/contact\/\" role=\"button\">\n\t\t\t\t\t\t\t\t\t<span class=\"elementor-button-content-wrapper\">\n\t\t\t\t\t\t\t\t\t\t\t\t\t<span class=\"elementor-button-text\">CONTACT US<\/span>\n\t\t\t\t\t\t\t<\/span>\n\t\t\t\t\t\t\t\t<\/a>\n\t\t\t\t<\/div>\n\t\t\t\t\t\t\t<\/div>\n\t\t\t\t<\/div>\n\t\t\t\t\t<\/div>\n\t\t<\/div>\n\t\t\t\t\t<\/div>\n\t\t<\/section>\n\t\t\t\t<section data-particle_enable=\"false\" data-particle-mobile-disabled=\"false\" class=\"elementor-section elementor-top-section elementor-element elementor-element-0bc6170 elementor-section-boxed elementor-section-height-default elementor-section-height-default\" data-id=\"0bc6170\" data-element_type=\"section\">\n\t\t\t\t\t\t<div class=\"elementor-container elementor-column-gap-default\">\n\t\t\t\t\t<div class=\" elementor-column elementor-col-100 elementor-top-column elementor-element elementor-element-6f7de5f\" data-fullscreen-column-settings=\"{&quot;fullscreen&quot;:&quot;&quot;}\" data-id=\"6f7de5f\" data-element_type=\"column\">\n\t\t\t<div class=\"elementor-widget-wrap\">\n\t\t\t\t\t\t\t<\/div>\n\t\t<\/div>\n\t\t\t\t\t<\/div>\n\t\t<\/section>\n\t\t\t\t<\/div>\n\t\t","protected":false},"excerpt":{"rendered":"<p>#dcrpp 20 de ani de excelen\u021b\u0103 academic\u0103 Comunic\u0103m academic din 2001 Specializarea de Comunicare \u0219i Rela\u021bii Publice din cadrul Departamentului de Comunicare, Rela\u021bii Publice \u0219i Publicitate a fost creat\u0103 \u00een anul 2001, bucur\u00e2ndu-se de cadre didactice tinere care promoveaz\u0103 metode de predare bazate pe interac\u021biunea permanent\u0103 cu studen\u021bii. Specializarea de Comunicare \u0219i Rela\u021bii Publice s-a [&hellip;]<\/p>\n","protected":false},"author":1,"featured_media":0,"parent":0,"menu_order":9,"comment_status":"closed","ping_status":"closed","template":"","meta":{"footnotes":""},"class_list":["post-87","page","type-page","status-publish","hentry"],"_links":{"self":[{"href":"https:\/\/fspac.ubbcluj.ro\/dcrpp\/wp-json\/wp\/v2\/pages\/87","targetHints":{"allow":["GET"]}}],"collection":[{"href":"https:\/\/fspac.ubbcluj.ro\/dcrpp\/wp-json\/wp\/v2\/pages"}],"about":[{"href":"https:\/\/fspac.ubbcluj.ro\/dcrpp\/wp-json\/wp\/v2\/types\/page"}],"author":[{"embeddable":true,"href":"https:\/\/fspac.ubbcluj.ro\/dcrpp\/wp-json\/wp\/v2\/users\/1"}],"replies":[{"embeddable":true,"href":"https:\/\/fspac.ubbcluj.ro\/dcrpp\/wp-json\/wp\/v2\/comments?post=87"}],"version-history":[{"count":14,"href":"https:\/\/fspac.ubbcluj.ro\/dcrpp\/wp-json\/wp\/v2\/pages\/87\/revisions"}],"predecessor-version":[{"id":75915,"href":"https:\/\/fspac.ubbcluj.ro\/dcrpp\/wp-json\/wp\/v2\/pages\/87\/revisions\/75915"}],"wp:attachment":[{"href":"https:\/\/fspac.ubbcluj.ro\/dcrpp\/wp-json\/wp\/v2\/media?parent=87"}],"curies":[{"name":"wp","href":"https:\/\/api.w.org\/{rel}","templated":true}]}}