{"id":76144,"date":"2022-09-22T21:58:24","date_gmt":"2022-09-22T21:58:24","guid":{"rendered":"https:\/\/fspac.ubbcluj.ro\/dcrpp\/?page_id=76144"},"modified":"2022-09-22T23:15:05","modified_gmt":"2022-09-22T23:15:05","slug":"licenta","status":"publish","type":"page","link":"https:\/\/fspac.ubbcluj.ro\/dcrpp\/licenta\/","title":{"rendered":"Licen\u021b\u0103"},"content":{"rendered":"\t\t<div data-elementor-type=\"wp-page\" data-elementor-id=\"76144\" class=\"elementor elementor-76144\">\n\t\t\t\t\t\t<section data-particle_enable=\"false\" data-particle-mobile-disabled=\"false\" class=\"elementor-section elementor-top-section elementor-element elementor-element-8927fb0 elementor-section-boxed elementor-section-height-default elementor-section-height-default elementor-invisible\" data-id=\"8927fb0\" data-element_type=\"section\" data-settings=\"{&quot;background_background&quot;:&quot;classic&quot;,&quot;animation&quot;:&quot;fadeIn&quot;}\">\n\t\t\t\t\t\t<div class=\"elementor-container elementor-column-gap-default\">\n\t\t\t\t\t<div class=\" elementor-column elementor-col-100 elementor-top-column elementor-element elementor-element-a03d0e3\" data-fullscreen-column-settings=\"{&quot;fullscreen&quot;:&quot;&quot;}\" data-id=\"a03d0e3\" data-element_type=\"column\">\n\t\t\t<div class=\"elementor-widget-wrap elementor-element-populated\">\n\t\t\t\t\t\t<div data-particle_enable=\"false\" data-particle-mobile-disabled=\"false\" class=\"elementor-section elementor-inner-section elementor-element elementor-element-099566a elementor-section-boxed elementor-section-height-default elementor-section-height-default\" data-id=\"099566a\" data-element_type=\"section\">\n\t\t\t\t\t\t<div class=\"elementor-container elementor-column-gap-default\">\n\t\t\t\t\t<div class=\" elementor-column elementor-col-25 elementor-inner-column elementor-element elementor-element-6e58e96 elementor-hidden-phone\" data-fullscreen-column-settings=\"{&quot;fullscreen&quot;:&quot;&quot;}\" data-id=\"6e58e96\" data-element_type=\"column\">\n\t\t\t<div class=\"elementor-widget-wrap elementor-element-populated\">\n\t\t\t\t\t\t<div class=\"elementor-element elementor-element-1d21035 elementor-widget elementor-widget-litho-pie-chart\" data-id=\"1d21035\" data-element_type=\"widget\" data-settings=\"{&quot;litho_pie_chart_percent&quot;:98,&quot;litho_pie_chart_line_width&quot;:10}\" data-widget_type=\"litho-pie-chart.default\">\n\t\t\t\t<div class=\"elementor-widget-container\">\n\t\t\t\t\t\t\t\t<div class=\"pie-charts\" data-size=\"180\">\n\t\t\t\t<div class=\"chart-canvas-inner\">\n\t\t\t\t\t<div class=\"chart-canvas chart-percent\">\n\t\t\t\t\t\t<span class=\"chart\" data-line-width=\"10\" data-percent=\"98\" data-track-color=\"#EDEDED\" data-start-color=\"#C60000\" data-end-color=\"#C60000\">\n\t\t\t\t\t\t\t<span class=\"percent\"><\/span>\n\t\t\t\t\t\t<\/span>\n\t\t\t\t\t<\/div>\n\t\t\t\t\t<div class=\"chart-text\">\n\t\t\t\t\t\t\t\t\t\t\t\t\t<span class=\"vertical-separator\"><\/span>\n\t\t\t\t\t\t\t\t\t\t\t\t\t\t\t\t\t\t\t<span class=\"chart-title\">98% rat\u0103 de ocupare locuri buget<\/span>\n\t\t\t\t\t\t\t\t\t\t\t\t\t\t\t\t\t<\/div>\n\t\t\t\t<\/div>\n\t\t\t<\/div>\n\t\t\t\t\t\t\t<\/div>\n\t\t\t\t<\/div>\n\t\t\t\t\t<\/div>\n\t\t<\/div>\n\t\t\t\t<div class=\" elementor-column elementor-col-50 elementor-inner-column elementor-element elementor-element-fb8a37d\" data-fullscreen-column-settings=\"{&quot;fullscreen&quot;:&quot;&quot;}\" data-id=\"fb8a37d\" data-element_type=\"column\">\n\t\t\t<div class=\"elementor-widget-wrap elementor-element-populated\">\n\t\t\t\t\t\t<div class=\"elementor-element elementor-element-94265a9 elementor-view-default elementor-widget elementor-widget-litho-tilt-box\" data-id=\"94265a9\" data-element_type=\"widget\" data-settings=\"{&quot;litho_tilt_box_title_background_color_background&quot;:&quot;classic&quot;}\" data-widget_type=\"litho-tilt-box.default\">\n\t\t\t\t<div class=\"elementor-widget-container\">\n\t\t\t\t\t\t\t\t\t\t<div class=\"tilt-box-inner\">\n\t\t\t\t\t\t<div class=\"tilt-box\">\n\t\t\t\t\t\t\t<div class=\"tilt-box-wrapper tilt-box-style-2\">\n\t\t\t\t\t\t\t\t\t\t\t\t\t\t\t\t\t\t\t\t\t\t\t\t\t<span class=\"overlap-title\" style=\"background-image: url(https:\/\/fspac.ubbcluj.ro\/dcrpp\/wp-content\/uploads\/2022\/09\/contact-2.png);\">20<\/span>\n\t\t\t\t\t\t\t\t\t\t\t\t\t\t\t\t\t\t\t<span class=\"title\">ANI DE EXCELEN\u021a\u0102 ACADEMIC\u0102<\/span>\n\t\t\t\t\t\t\t\t\t\t\t\t\t\t\t\t\t\t\t\t\t\t\t\t<\/div>\n\t\t\t\t\t\t<\/div>\n\t\t\t\t\t<\/div>\n\t\t\t\t\t\t\t\t\t<\/div>\n\t\t\t\t<\/div>\n\t\t\t\t\t<\/div>\n\t\t<\/div>\n\t\t\t\t<div class=\" elementor-column elementor-col-25 elementor-inner-column elementor-element elementor-element-e910dcf elementor-hidden-phone\" data-fullscreen-column-settings=\"{&quot;fullscreen&quot;:&quot;&quot;}\" data-id=\"e910dcf\" data-element_type=\"column\">\n\t\t\t<div class=\"elementor-widget-wrap elementor-element-populated\">\n\t\t\t\t\t\t<div class=\"elementor-element elementor-element-0a239c5 elementor-widget elementor-widget-litho-pie-chart\" data-id=\"0a239c5\" data-element_type=\"widget\" data-settings=\"{&quot;litho_pie_chart_percent&quot;:94,&quot;litho_pie_chart_line_width&quot;:10}\" data-widget_type=\"litho-pie-chart.default\">\n\t\t\t\t<div class=\"elementor-widget-container\">\n\t\t\t\t\t\t\t\t<div class=\"pie-charts\" data-size=\"180\">\n\t\t\t\t<div class=\"chart-canvas-inner\">\n\t\t\t\t\t<div class=\"chart-canvas chart-percent\">\n\t\t\t\t\t\t<span class=\"chart\" data-line-width=\"10\" data-percent=\"94\" data-track-color=\"#EDEDED\" data-start-color=\"#C60000\" data-end-color=\"#C60000\">\n\t\t\t\t\t\t\t<span class=\"percent\"><\/span>\n\t\t\t\t\t\t<\/span>\n\t\t\t\t\t<\/div>\n\t\t\t\t\t<div class=\"chart-text\">\n\t\t\t\t\t\t\t\t\t\t\t\t\t<span class=\"vertical-separator\"><\/span>\n\t\t\t\t\t\t\t\t\t\t\t\t\t\t\t\t\t\t\t<span class=\"chart-title\">94% rat\u0103 de ocupare locuri c\u0103min<\/span>\n\t\t\t\t\t\t\t\t\t\t\t\t\t\t\t\t\t<\/div>\n\t\t\t\t<\/div>\n\t\t\t<\/div>\n\t\t\t\t\t\t\t<\/div>\n\t\t\t\t<\/div>\n\t\t\t\t\t<\/div>\n\t\t<\/div>\n\t\t\t\t\t<\/div>\n\t\t<\/div>\n\t\t\t\t\t<\/div>\n\t\t<\/div>\n\t\t\t\t\t<\/div>\n\t\t<\/section>\n\t\t\t\t<section data-particle_enable=\"false\" data-particle-mobile-disabled=\"false\" class=\"elementor-section elementor-top-section elementor-element elementor-element-ecafd0d elementor-section-boxed elementor-section-height-default elementor-section-height-default\" data-id=\"ecafd0d\" data-element_type=\"section\">\n\t\t\t\t\t\t<div class=\"elementor-container elementor-column-gap-default\">\n\t\t\t\t\t<div class=\" elementor-column elementor-col-100 elementor-top-column elementor-element elementor-element-e118b4a\" data-fullscreen-column-settings=\"{&quot;fullscreen&quot;:&quot;&quot;}\" data-id=\"e118b4a\" data-element_type=\"column\">\n\t\t\t<div class=\"elementor-widget-wrap elementor-element-populated\">\n\t\t\t\t\t\t<div class=\"elementor-element elementor-element-ffd549e elementor-widget elementor-widget-spacer\" data-id=\"ffd549e\" data-element_type=\"widget\" data-widget_type=\"spacer.default\">\n\t\t\t\t<div class=\"elementor-widget-container\">\n\t\t\t\t\t\t\t<div class=\"elementor-spacer\">\n\t\t\t<div class=\"elementor-spacer-inner\"><\/div>\n\t\t<\/div>\n\t\t\t\t\t\t<\/div>\n\t\t\t\t<\/div>\n\t\t\t\t\t<\/div>\n\t\t<\/div>\n\t\t\t\t\t<\/div>\n\t\t<\/section>\n\t\t\t\t<section data-particle_enable=\"false\" data-particle-mobile-disabled=\"false\" class=\"elementor-section elementor-top-section elementor-element elementor-element-07bf5d4 elementor-section-boxed elementor-section-height-default elementor-section-height-default\" data-id=\"07bf5d4\" data-element_type=\"section\">\n\t\t\t\t\t\t<div class=\"elementor-container elementor-column-gap-default\">\n\t\t\t\t\t<div class=\" elementor-column elementor-col-100 elementor-top-column elementor-element elementor-element-7be0ca4\" data-fullscreen-column-settings=\"{&quot;fullscreen&quot;:&quot;&quot;}\" data-id=\"7be0ca4\" data-element_type=\"column\">\n\t\t\t<div class=\"elementor-widget-wrap elementor-element-populated\">\n\t\t\t\t\t\t<div class=\"elementor-element elementor-element-2bf61a1 elementor-widget elementor-widget-eael-adv-accordion\" data-id=\"2bf61a1\" data-element_type=\"widget\" data-widget_type=\"eael-adv-accordion.default\">\n\t\t\t\t<div class=\"elementor-widget-container\">\n\t\t\t\t\t        <div class=\"eael-adv-accordion\" id=\"eael-adv-accordion-2bf61a1\" data-scroll-on-click=\"no\" data-scroll-speed=\"300\" data-accordion-id=\"2bf61a1\" data-accordion-type=\"accordion\" data-toogle-speed=\"300\">\n    <div class=\"eael-accordion-list\">\n                <div id=\"comunicare-i-relaii-publice-3-ani-rohude-ziid\" class=\"elementor-tab-title eael-accordion-header\" tabindex=\"0\" data-tab=\"1\" aria-controls=\"elementor-tab-content-4601\"><span class=\"eael-advanced-accordion-icon-closed\"><i aria-hidden=\"true\" class=\"fa-accordion-icon fas fa-plus\"><\/i><\/span><span class=\"eael-advanced-accordion-icon-opened\"><i aria-hidden=\"true\" class=\"fa-accordion-icon fas fa-minus\"><\/i><\/span><span class=\"eael-accordion-tab-title\">COMUNICARE \u0218I RELA\u021aII PUBLICE, 3 ani, RO\/HU\/DE, ZI\/ID<\/span><i aria-hidden=\"true\" class=\"fa-toggle fas fa-angle-right\"><\/i><\/div><div id=\"elementor-tab-content-4601\" class=\"eael-accordion-content clearfix\" data-tab=\"1\" aria-labelledby=\"comunicare-i-relaii-publice-3-ani-rohude-ziid\"><p>Specializarea de\u00a0<span id=\"yui_3_7_2_1_1360573548703_62314\"><a id=\"yui_3_7_2_1_1360573548703_62312\" class=\"broken_link\" href=\"http:\/\/www.polito.ubbcluj.ro\/comunicare\/\" target=\"_blank\" rel=\"nofollow noopener\"><strong id=\"yui_3_7_2_1_1360573548703_62311\">Comunicare \u0219i Rela\u021bii Publice<\/strong><\/a><\/span>\u00a0din cadrul Departamentului de Comunicare, Rela\u021bii Publice \u0219i Publicitate a fost creat\u0103 \u00een anul\u00a02001, bucur\u00e2ndu-se de cadre didactice tinere care promoveaz\u0103\u00a0metode de predare bazate pe interac\u021biunea permanent\u0103 cu studen\u021bii. Specializarea de Comunicare \u0219i Rela\u021bii Publice s-a afirmat \u00een domeniul educa\u021biei dedicate comunic\u0103rii prin flexibilitatea \u0219i adaptarea la cerin\u021bele pie\u021bei for\u021bei de munc\u0103, \u00eencuraj\u00e2nd studen\u021bii s\u0103 exceleze \u00een domeniile\u00a0\u00a0directe \u0219i conexe comunic\u0103rii. Mai mult, studen\u021bii no\u0219tri sunt \u00eencuraja\u021bi s\u0103 g\u00e2ndeasc\u0103 liber, s\u0103 fie creativi \u0219i s\u0103 \u00ee\u0219i prezinte opiniile argumentat \u0219i \u00eentr-o manier\u0103 deschis\u0103, lucru oglindit \u0219i \u00een participarea acestora \u00een num\u0103r foarte mare, an de an, la Festivalul Studen\u021besc de Publicitate \u0219i la Conferin\u021ba PR Trend.<\/p><p><br \/>Adaptarea specializ\u0103rii la ritmul alert al societ\u0103\u021bii, al tehnologiilor \u0219i al informa\u021biilor, reprezint\u0103 un principiu \u0219i o valoare esen\u021bial\u0103, reg\u0103site \u0219i \u00een implicarea membrilor departamentului \u00een proiecte extracuriculare, respectiv colaborarea cu firmele de specialitate, sub forma de stagii de practic\u0103 \u0219i internshipuri oferite studen\u021bilor sau oferirea de cursuri specializate, precum cel \u00een parteneriat cu Google Online Academy.<\/p><p><br \/><b>Profilul profesional al absolventului<\/b><br \/>Sec\u0163ia de Comunicare \u015fi Rela\u0163ii Publice ofer\u0103 diplom\u0103 de\u00a0<b>Licen\u0163iat \u00een \u015etiin\u0163ele Comunic\u0103rii<\/b>\u00a0\u015fi urm\u0103re\u015fte s\u0103 creeze \u015fi s\u0103 dezvolte abilit\u0103\u0163i necesare profesiei de C<b>onsilier \u00een comunicare \u015fi rela\u0163ii publice<\/b>. Sub genericul acestei profesii absolven\u0163ii no\u015ftri vor putea presta activit\u0103\u0163i de consilier de imagine, purt\u0103tor de cuv\u00e2nt, specialist \u00een comunicare inter- \u015fi intrainstitu\u0163ional\u0103, mediator, strateg de campanii promo\u0163ionale \u00een domeniul PR (PR institu\u0163ional, PR politic, PR-produs, PR-ONG, PR cultural, PR sportiv etc.)<br \/>Pentru exercitarea acestei profesii, studen\u0163ii trebuie s\u0103 dob\u00e2ndeasc\u0103 urm\u0103toarele\u00a0<b id=\"yui_3_7_2_1_1360573548703_62333\">competen\u0163e specifice<\/b>:<\/p><ul id=\"yui_3_7_2_1_1360573548703_62335\" type=\"disc\"><li id=\"yui_3_7_2_1_1360573548703_62339\">Competen\u0163e de comunicator: foarte bun\u0103 st\u0103p\u00e2nire a resurselor limbajului verbal, paraverbal \u015fi nonverbal \u00een comunicare,<\/li><li id=\"yui_3_7_2_1_1360573548703_62340\">Competen\u0163e \u00een elaborarea \u015fi gestionarea de campanii de rela\u0163ii publice,<\/li><li id=\"yui_3_7_2_1_1360573548703_62341\">Competen\u0163e \u00een elaborarea \u015fi gestionarea de strategii publicitare,<\/li><li id=\"yui_3_7_2_1_1360573548703_62337\">Competen\u0163e \u00een aplicarea metodelor \u015fi tehnicilor de cercetare sociologic\u0103 \u00een domeniul rela\u0163iilor publice \u015fi publicit\u0103\u0163ii,<\/li><li id=\"yui_3_7_2_1_1360573548703_62343\">Competen\u0163e \u00een implementarea \u015fi dezvoltarea sistemelor de comunicare organiza\u0163ional\u0103 \u00een plan intern \u015fi extern,<\/li><li id=\"yui_3_7_2_1_1360573548703_62334\">Competen\u0163e de mediator, pentru managementul crizelor \u015fi conflictelor<\/li><li id=\"yui_3_7_2_1_1360573548703_62349\">Competen\u0163e \u00een comunicarea interpersonal\u0103, inter-institu\u0163ional\u0103, intercultural\u0103 \u015fi interna\u0163ional\u0103.<\/li><\/ul><p>De asemenea, urm\u0103rim formarea de\u00a0<b>competen\u0163e generale<\/b>\u00a0(transferabile), indispensabile oric\u0103rei profesii \u015fi, prin urmare, foarte apreciate pe pia\u0163a muncii:<\/p><ul id=\"yui_3_7_2_1_1360573548703_62345\" type=\"disc\"><li id=\"yui_3_7_2_1_1360573548703_62350\">capacitate de analiz\u0103 \u015fi sintez\u0103,<\/li><li id=\"yui_3_7_2_1_1360573548703_62344\">capacitate de a empatiza cu mediul social,<\/li><li id=\"yui_3_7_2_1_1360573548703_62352\">abilitatea de a percepe corect \u015fi de a exploata eficient tendin\u0163ele sociale, politice \u015fi economice de imagine \u015fi con\u0163inut<\/li><li id=\"yui_3_7_2_1_1360573548703_62353\">capacitate de asimilare critic\u0103, prelucrare \u015fi exploatare a informa\u0163iei teoretice<\/li><\/ul><p id=\"yui_3_7_2_1_1360573548703_62355\">Toate aceste competen\u0163e, at\u00e2t cele specifice, c\u00e2t \u015fi cele generale vor permite absolven\u0163ilor no\u015ftri, pe de o parte, s\u0103-\u015fi exercite cu succes profesia \u015fi, pe de alt\u0103 parte, s\u0103 aib\u0103 dorin\u0163a \u015fi capacitatea de a se auto-perfec\u0163iona, de a se adapta continuu unei societ\u0103\u0163i \u00een permanent\u0103 schimbare.<\/p><\/div>\n                <\/div><div class=\"eael-accordion-list\">\n                <div id=\"publicitate-3-ani-ro-zi\" class=\"elementor-tab-title eael-accordion-header\" tabindex=\"0\" data-tab=\"2\" aria-controls=\"elementor-tab-content-4602\"><span class=\"eael-advanced-accordion-icon-closed\"><i aria-hidden=\"true\" class=\"fa-accordion-icon fas fa-plus\"><\/i><\/span><span class=\"eael-advanced-accordion-icon-opened\"><i aria-hidden=\"true\" class=\"fa-accordion-icon fas fa-minus\"><\/i><\/span><span class=\"eael-accordion-tab-title\">PUBLICITATE, 3 ani, RO, ZI<\/span><i aria-hidden=\"true\" class=\"fa-toggle fas fa-angle-right\"><\/i><\/div><div id=\"elementor-tab-content-4602\" class=\"eael-accordion-content clearfix\" data-tab=\"2\" aria-labelledby=\"publicitate-3-ani-ro-zi\"><p>Specializarea Publicitate la nivel licen\u021b\u0103 a fost \u00eenfiin\u021bat\u0103 \u00een anul 2009, fiind printre primele din Rom\u00e2nia care sunt acreditate s\u0103 func\u021bioneze. Atunci c\u00e2nd am dezvoltat acest program \u00een cadrul Departamentului de Comunicare, Rela\u021bii Publice \u0219i Publicitate am avut \u00een vedere dou\u0103 principii: 1)\u00a0<b>colaborarea cu industria de profil,<\/b>\u00a0cu agen\u021biile de publicitate, comunicare digital\u0103 \u0219i marketing online astfel \u00eenc\u00e2t absolventele \u0219i absolven\u021bii programului s\u0103 se integreze pe\u00a0<b>pia\u021ba muncii<\/b>\u00a0\u0219i 2)\u00a0<b>actualizarea constant\u0103 a con\u021binutului \u0219i a modalit\u0103\u021bilor<\/b>\u00a0de predare, av\u00e2nd \u00een vedere\u00a0<b>dinamica dezvolt\u0103rii platformelor de comunicare.<\/b><\/p><p>\u00a0<\/p><p><b><i>Ce \u00eenve\u021bi la specializarea Publicitate<\/i><\/b><\/p><p><b>Principalul pbiectiv al programului<\/b>\u00a0este acela de a preg\u0103ti speciali\u0219ti ai industriei publicitare pentru a\u00a0<b>realiza campanii publicitare<\/b>, pentru a dezvolta con\u021binuturi publicitare\u00a0<b>creative,<\/b>\u00a0pentru a\u00a0<b>concepe \u0219i a implementa strategii de publicitate,<\/b>\u00a0<b>pentru a analiza impactul campaniilor<\/b>\u00a0<b>publicitare<\/b>, pentru\u00a0<b>implementarea media<\/b>, at\u00e2t cea tradi\u021bional\u0103 (print, radio, TV \u0219i outdoor), c\u00e2t \u015fi online \u0219i mai ales pe\u00a0<b>re\u021belele sociale<\/b>.<\/p><p>\u00a0<\/p><p>Con\u021binutul cursurilor cuprinde teme precum:\u00a0<b>publicitate pe re\u021belele sociale, comunicare digital\u0103, publicitate prin intermediul\u00a0<\/b><b><i>influencerilor<\/i><\/b><b>, managementul agen\u021biei de publicitate,\u00a0<\/b><b><i>copywriting<\/i><\/b><b>,\u00a0<\/b><b><i>media planning,<\/i><\/b>\u00a0<b><i>gamification<\/i><\/b><b>\u00a0in publicitate, strategie publicitar\u0103 integrat\u0103, concepte creative \u00een publicitate, publicitate multimedia<\/b>\u00a0etc.\u00a0<\/p><p>\u00a0<\/p><p><b>Cine pred\u0103 \u00een cadrul acestui proiect<\/b><\/p><p>Profesorii sunt tineri \u0219i sunt pasiona\u021bi de munca pe care o fac, fiind preocupa\u021bi permanent de noile evolu\u021bii ale domeniului.\u00a0 Unii dintre ei au realizat stagii de preg\u0103tire prefesional\u0103 la universit\u0103\u021bi cu renume din str\u0103in\u0103tate. Al\u0103turi de colaboratorii din agen\u021biile de comunicare \u0219i publicitate, ei \u0219i-au propus s\u0103 creeze \u00een mod constant un mediu propice pentru tinerii care doresc s\u0103 urmeze aceast\u0103 specializare. Este vorba de oportunitatea pe care o au studen\u021bii no\u0219tri de\u00a0<b>a \u00eenv\u0103\u021ba s\u0103 pun\u0103 \u00een practic\u0103<\/b>\u00a0conceptele publicitare \u0219i a primi\u00a0<b>feedback din partea speciali\u0219tilor<\/b>.\u00a0Cursurile practice, workshopurile organizate \u00een cadrul specializ\u0103rii \u0219i stagiile de practic\u0103 \u00eei aduc pe studen\u021bii no\u0219tri fa\u021b\u0103 \u00een fa\u021b\u0103 cu profesioni\u0219tii din domeniul publicit\u0103\u021bii.<\/p><p>\u00a0<\/p><p><b><i>Profil de student<\/i><\/b><\/p><p>Cel mai frumos este atunci c\u00e2nd ai ocazia s\u0103 lucrezi cu tineri pasiona\u021bi \u0219i curio\u0219i. Noi suntem noroco\u0219i \u00een privin\u021ba acestui lucru. Studen\u021bii care se \u00eenscriu la aceast\u0103 specializare sunt interesa\u021bi de publicitate, sunt creative, sunt firi dinamice c\u0103rora le place s\u0103 \u00eenve\u021be lucruri noi, s\u0103 se implice \u00een proiecte.\u00a0Dac\u0103 nu sunt pasiona\u021bi de desen, cu siguran\u021b\u0103 le place s\u0103 scrie texte, s\u0103 citeasc\u0103 sau s\u0103 se joace pe calculator.\u00a0Ne bucur\u0103m s\u0103-i avem al\u0103turi de noi pe ace\u0219ti tineri \u0219i suntem tare m\u00e2ndri c\u00e2nd realiz\u0103m c\u0103 prin alegerea studierii acestei specializ\u0103ri putem s\u0103 \u00eei conducem mai aproape de realizarea propriului vis.<\/p><\/div>\n                <\/div><\/div>\t\t\t\t<\/div>\n\t\t\t\t<\/div>\n\t\t\t\t\t<\/div>\n\t\t<\/div>\n\t\t\t\t\t<\/div>\n\t\t<\/section>\n\t\t\t\t<section data-particle_enable=\"false\" data-particle-mobile-disabled=\"false\" class=\"elementor-section elementor-top-section elementor-element elementor-element-0bc6170 elementor-section-boxed elementor-section-height-default elementor-section-height-default\" data-id=\"0bc6170\" data-element_type=\"section\">\n\t\t\t\t\t\t<div class=\"elementor-container elementor-column-gap-default\">\n\t\t\t\t\t<div class=\" elementor-column elementor-col-100 elementor-top-column elementor-element elementor-element-6f7de5f\" data-fullscreen-column-settings=\"{&quot;fullscreen&quot;:&quot;&quot;}\" data-id=\"6f7de5f\" data-element_type=\"column\">\n\t\t\t<div class=\"elementor-widget-wrap elementor-element-populated\">\n\t\t\t\t\t\t<div class=\"elementor-element elementor-element-b57dc11 elementor-widget elementor-widget-spacer\" data-id=\"b57dc11\" data-element_type=\"widget\" data-widget_type=\"spacer.default\">\n\t\t\t\t<div class=\"elementor-widget-container\">\n\t\t\t\t\t\t\t<div class=\"elementor-spacer\">\n\t\t\t<div class=\"elementor-spacer-inner\"><\/div>\n\t\t<\/div>\n\t\t\t\t\t\t<\/div>\n\t\t\t\t<\/div>\n\t\t\t\t\t<\/div>\n\t\t<\/div>\n\t\t\t\t\t<\/div>\n\t\t<\/section>\n\t\t\t\t<section data-particle_enable=\"false\" data-particle-mobile-disabled=\"false\" class=\"elementor-section elementor-top-section elementor-element elementor-element-8a23cec elementor-section-content-middle elementor-section-boxed elementor-section-height-default elementor-section-height-default elementor-invisible\" data-id=\"8a23cec\" data-element_type=\"section\" data-settings=\"{&quot;animation&quot;:&quot;fadeIn&quot;}\">\n\t\t\t\t\t\t<div class=\"elementor-container elementor-column-gap-default\">\n\t\t\t\t\t<div class=\" elementor-column elementor-col-66 elementor-top-column elementor-element elementor-element-dbd7bdd elementor-invisible\" data-fullscreen-column-settings=\"{&quot;fullscreen&quot;:&quot;&quot;}\" data-id=\"dbd7bdd\" data-element_type=\"column\" data-settings=\"{&quot;animation&quot;:&quot;fadeIn&quot;,&quot;animation_delay&quot;:100}\">\n\t\t\t<div class=\"elementor-widget-wrap elementor-element-populated\">\n\t\t\t\t\t\t<div class=\"elementor-element elementor-element-ae0dca6 elementor-widget elementor-widget-litho-heading\" data-id=\"ae0dca6\" data-element_type=\"widget\" data-widget_type=\"litho-heading.default\">\n\t\t\t\t<div class=\"elementor-widget-container\">\n\t\t\t\t\t<h6 class=\"litho-heading elementor-size-default\"><span class=\"litho-primary-title\">Creative thinkers,<\/span><span class=\"litho-secondary-title\"> clever communicators and advertising superheroes are welcomed here.<\/span><\/h6>\t\t\t\t<\/div>\n\t\t\t\t<\/div>\n\t\t\t\t\t<\/div>\n\t\t<\/div>\n\t\t\t\t<div class=\" elementor-column elementor-col-33 elementor-top-column elementor-element elementor-element-ec415a3 elementor-invisible\" data-fullscreen-column-settings=\"{&quot;fullscreen&quot;:&quot;&quot;}\" data-id=\"ec415a3\" data-element_type=\"column\" data-settings=\"{&quot;animation&quot;:&quot;fadeIn&quot;,&quot;animation_delay&quot;:200}\">\n\t\t\t<div class=\"elementor-widget-wrap elementor-element-populated\">\n\t\t\t\t\t\t<div class=\"elementor-element elementor-element-0ab909c elementor-widget-tablet__width-auto elementor-widget elementor-widget-litho-button\" data-id=\"0ab909c\" data-element_type=\"widget\" data-widget_type=\"litho-button.default\">\n\t\t\t\t<div class=\"elementor-widget-container\">\n\t\t\t\t\t\t\t\t\t<div class=\"elementor-button-wrapper litho-button-wrapper\">\n\t\t\t\t\t<a class=\"elementor-button-link elementor-button elementor-size-lg hvr-btn-slide-right-bg btn-custom-effect\" href=\"https:\/\/fspac.ubbcluj.ro\/dcrpp\/contact\/\" role=\"button\">\n\t\t\t\t\t\t\t\t\t<span class=\"elementor-button-content-wrapper\">\n\t\t\t\t\t\t\t\t\t\t\t\t\t<span class=\"elementor-button-text\">CONTACT US<\/span>\n\t\t\t\t\t\t\t<\/span>\n\t\t\t\t\t\t\t\t<\/a>\n\t\t\t\t<\/div>\n\t\t\t\t\t\t\t<\/div>\n\t\t\t\t<\/div>\n\t\t\t\t\t<\/div>\n\t\t<\/div>\n\t\t\t\t\t<\/div>\n\t\t<\/section>\n\t\t\t\t<\/div>\n\t\t","protected":false},"excerpt":{"rendered":"<p>98% rat\u0103 de ocupare locuri buget 20 ANI DE EXCELEN\u021a\u0102 ACADEMIC\u0102 94% rat\u0103 de ocupare locuri c\u0103min COMUNICARE \u0218I RELA\u021aII PUBLICE, 3 ani, RO\/HU\/DE, ZI\/ID Specializarea de\u00a0Comunicare \u0219i Rela\u021bii Publice\u00a0din cadrul Departamentului de Comunicare, Rela\u021bii Publice \u0219i Publicitate a fost creat\u0103 \u00een anul\u00a02001, bucur\u00e2ndu-se de cadre didactice tinere care promoveaz\u0103\u00a0metode de predare bazate pe interac\u021biunea [&hellip;]<\/p>\n","protected":false},"author":1,"featured_media":0,"parent":0,"menu_order":9,"comment_status":"closed","ping_status":"closed","template":"","meta":{"footnotes":""},"class_list":["post-76144","page","type-page","status-publish","hentry"],"_links":{"self":[{"href":"https:\/\/fspac.ubbcluj.ro\/dcrpp\/wp-json\/wp\/v2\/pages\/76144","targetHints":{"allow":["GET"]}}],"collection":[{"href":"https:\/\/fspac.ubbcluj.ro\/dcrpp\/wp-json\/wp\/v2\/pages"}],"about":[{"href":"https:\/\/fspac.ubbcluj.ro\/dcrpp\/wp-json\/wp\/v2\/types\/page"}],"author":[{"embeddable":true,"href":"https:\/\/fspac.ubbcluj.ro\/dcrpp\/wp-json\/wp\/v2\/users\/1"}],"replies":[{"embeddable":true,"href":"https:\/\/fspac.ubbcluj.ro\/dcrpp\/wp-json\/wp\/v2\/comments?post=76144"}],"version-history":[{"count":19,"href":"https:\/\/fspac.ubbcluj.ro\/dcrpp\/wp-json\/wp\/v2\/pages\/76144\/revisions"}],"predecessor-version":[{"id":76188,"href":"https:\/\/fspac.ubbcluj.ro\/dcrpp\/wp-json\/wp\/v2\/pages\/76144\/revisions\/76188"}],"wp:attachment":[{"href":"https:\/\/fspac.ubbcluj.ro\/dcrpp\/wp-json\/wp\/v2\/media?parent=76144"}],"curies":[{"name":"wp","href":"https:\/\/api.w.org\/{rel}","templated":true}]}}