{"id":75920,"date":"2022-09-22T11:00:31","date_gmt":"2022-09-22T11:00:31","guid":{"rendered":"https:\/\/fspac.ubbcluj.ro\/dcrpp\/?page_id=75920"},"modified":"2026-02-20T15:29:22","modified_gmt":"2026-02-20T15:29:22","slug":"orare","status":"publish","type":"page","link":"https:\/\/fspac.ubbcluj.ro\/dcrpp\/orare\/","title":{"rendered":"Orare"},"content":{"rendered":"\t\t<div data-elementor-type=\"wp-page\" data-elementor-id=\"75920\" class=\"elementor elementor-75920\">\n\t\t\t\t\t\t<section data-particle_enable=\"false\" data-particle-mobile-disabled=\"false\" class=\"elementor-section elementor-top-section elementor-element elementor-element-8927fb0 elementor-section-boxed elementor-section-height-default elementor-section-height-default elementor-invisible\" data-id=\"8927fb0\" data-element_type=\"section\" data-settings=\"{&quot;background_background&quot;:&quot;classic&quot;,&quot;animation&quot;:&quot;fadeIn&quot;}\">\n\t\t\t\t\t\t<div class=\"elementor-container elementor-column-gap-default\">\n\t\t\t\t\t<div class=\" elementor-column elementor-col-100 elementor-top-column elementor-element elementor-element-a03d0e3\" data-fullscreen-column-settings=\"{&quot;fullscreen&quot;:&quot;&quot;}\" data-id=\"a03d0e3\" data-element_type=\"column\">\n\t\t\t<div class=\"elementor-widget-wrap elementor-element-populated\">\n\t\t\t\t\t\t<div data-particle_enable=\"false\" data-particle-mobile-disabled=\"false\" class=\"elementor-section elementor-inner-section elementor-element elementor-element-099566a elementor-section-boxed elementor-section-height-default elementor-section-height-default\" data-id=\"099566a\" data-element_type=\"section\">\n\t\t\t\t\t\t<div class=\"elementor-container elementor-column-gap-default\">\n\t\t\t\t\t<div class=\" elementor-column elementor-col-25 elementor-inner-column elementor-element elementor-element-6e58e96 elementor-hidden-phone\" data-fullscreen-column-settings=\"{&quot;fullscreen&quot;:&quot;&quot;}\" data-id=\"6e58e96\" data-element_type=\"column\">\n\t\t\t<div class=\"elementor-widget-wrap\">\n\t\t\t\t\t\t\t<\/div>\n\t\t<\/div>\n\t\t\t\t<div class=\" elementor-column elementor-col-50 elementor-inner-column elementor-element elementor-element-fb8a37d\" data-fullscreen-column-settings=\"{&quot;fullscreen&quot;:&quot;&quot;}\" data-id=\"fb8a37d\" data-element_type=\"column\">\n\t\t\t<div class=\"elementor-widget-wrap elementor-element-populated\">\n\t\t\t\t\t\t<div class=\"elementor-element elementor-element-07ef07a elementor-widget elementor-widget-litho-heading\" data-id=\"07ef07a\" data-element_type=\"widget\" data-widget_type=\"litho-heading.default\">\n\t\t\t\t<div class=\"elementor-widget-container\">\n\t\t\t\t\t<span class=\"litho-heading elementor-size-default\"><span class=\"litho-primary-title\">#dcrpp<\/span><\/span>\t\t\t\t<\/div>\n\t\t\t\t<\/div>\n\t\t\t\t<div class=\"elementor-element elementor-element-6adb123 elementor-widget elementor-widget-litho-heading\" data-id=\"6adb123\" data-element_type=\"widget\" data-widget_type=\"litho-heading.default\">\n\t\t\t\t<div class=\"elementor-widget-container\">\n\t\t\t\t\t<h5 class=\"litho-heading elementor-size-default\"><span class=\"litho-primary-title\">ORAR SEMESTRUL II 2025 \u2013 2026<\/span><\/h5>\t\t\t\t<\/div>\n\t\t\t\t<\/div>\n\t\t\t\t<div class=\"elementor-element elementor-element-b1ab120 elementor-widget elementor-widget-litho-heading\" data-id=\"b1ab120\" data-element_type=\"widget\" data-widget_type=\"litho-heading.default\">\n\t\t\t\t<div class=\"elementor-widget-container\">\n\t\t\t\t\t<span class=\"litho-heading elementor-size-default\"><span class=\"litho-primary-title\">(actualizat azi, 20 februarie, ora 17.29)<\/span><\/span>\t\t\t\t<\/div>\n\t\t\t\t<\/div>\n\t\t\t\t<div class=\"elementor-element elementor-element-1b14d90 elementor-widget elementor-widget-litho-heading\" data-id=\"1b14d90\" data-element_type=\"widget\" data-widget_type=\"litho-heading.default\">\n\t\t\t\t<div class=\"elementor-widget-container\">\n\t\t\t\t\t<span class=\"litho-heading elementor-size-default\"><span class=\"litho-primary-title\">Este imperios necesar s\u0103 verifica\u021bi aceast\u0103 pagin\u0103 periodic \u00een zilele care urmeaz\u0103. Este foarte posibil s\u0103 existe modific\u0103ri la orar.\n\n<\/span><\/span>\t\t\t\t<\/div>\n\t\t\t\t<\/div>\n\t\t\t\t\t<\/div>\n\t\t<\/div>\n\t\t\t\t<div class=\" elementor-column elementor-col-25 elementor-inner-column elementor-element elementor-element-e910dcf elementor-hidden-phone\" data-fullscreen-column-settings=\"{&quot;fullscreen&quot;:&quot;&quot;}\" data-id=\"e910dcf\" data-element_type=\"column\">\n\t\t\t<div class=\"elementor-widget-wrap\">\n\t\t\t\t\t\t\t<\/div>\n\t\t<\/div>\n\t\t\t\t\t<\/div>\n\t\t<\/div>\n\t\t\t\t\t<\/div>\n\t\t<\/div>\n\t\t\t\t\t<\/div>\n\t\t<\/section>\n\t\t\t\t<section data-particle_enable=\"false\" data-particle-mobile-disabled=\"false\" class=\"elementor-section elementor-top-section elementor-element elementor-element-a5751c1 elementor-section-boxed elementor-section-height-default elementor-section-height-default\" data-id=\"a5751c1\" data-element_type=\"section\">\n\t\t\t\t\t\t<div class=\"elementor-container elementor-column-gap-default\">\n\t\t\t\t\t<div class=\" elementor-column elementor-col-100 elementor-top-column elementor-element elementor-element-c155554\" data-fullscreen-column-settings=\"{&quot;fullscreen&quot;:&quot;&quot;}\" data-id=\"c155554\" data-element_type=\"column\">\n\t\t\t<div class=\"elementor-widget-wrap elementor-element-populated\">\n\t\t\t\t\t\t<div class=\"elementor-element elementor-element-234ea28 elementor-widget elementor-widget-spacer\" data-id=\"234ea28\" data-element_type=\"widget\" data-widget_type=\"spacer.default\">\n\t\t\t\t<div class=\"elementor-widget-container\">\n\t\t\t\t\t\t\t<div class=\"elementor-spacer\">\n\t\t\t<div class=\"elementor-spacer-inner\"><\/div>\n\t\t<\/div>\n\t\t\t\t\t\t<\/div>\n\t\t\t\t<\/div>\n\t\t\t\t\t<\/div>\n\t\t<\/div>\n\t\t\t\t\t<\/div>\n\t\t<\/section>\n\t\t\t\t<section data-particle_enable=\"false\" data-particle-mobile-disabled=\"false\" class=\"elementor-section elementor-top-section elementor-element elementor-element-2678ee3 elementor-section-boxed elementor-section-height-default elementor-section-height-default\" data-id=\"2678ee3\" data-element_type=\"section\">\n\t\t\t\t\t\t<div class=\"elementor-container elementor-column-gap-default\">\n\t\t\t\t\t<div class=\" elementor-column elementor-col-50 elementor-top-column elementor-element elementor-element-e9a2e98\" data-fullscreen-column-settings=\"{&quot;fullscreen&quot;:&quot;&quot;}\" data-id=\"e9a2e98\" data-element_type=\"column\">\n\t\t\t<div class=\"elementor-widget-wrap elementor-element-populated\">\n\t\t\t\t\t\t<div class=\"elementor-element elementor-element-11cd0f8 elementor-view-default elementor-widget elementor-widget-litho-feature-box\" data-id=\"11cd0f8\" data-element_type=\"widget\" data-settings=\"{&quot;litho_feature_box_styles&quot;:&quot;icon-text-style-1&quot;}\" data-widget_type=\"litho-feature-box.default\">\n\t\t\t\t<div class=\"elementor-widget-container\">\n\t\t\t\t\t\t\t\t\t\t<div class=\"feature-box icon-text-style-1\"><div class=\"elementor-icon\"><i aria-hidden=\"true\" class=\" solid-icon-Student-Male\"><\/i><\/div><div class=\"feature-box-content\"><span class=\"title\">NIVEL LICEN\u021a\u0102<\/span><div class=\"content\"><ul><li><span style=\"color: #ff6600\"><strong><a style=\"color: #ff6600\" href=\"https:\/\/fspac.ubbcluj.ro\/dcrpp\/wp-content\/uploads\/2026\/02\/CRP1-1.pdf\">CRP - ANUL 1<\/a><\/strong><\/span><\/li><li><span style=\"color: #ff6600\"><strong><a style=\"color: #ff6600\" href=\"https:\/\/fspac.ubbcluj.ro\/dcrpp\/wp-content\/uploads\/2026\/02\/CRP2-1.pdf\">CRP - ANUL 2<\/a><\/strong><\/span><\/li><li><span style=\"color: #ff6600\"><strong><a style=\"color: #ff6600\" href=\"https:\/\/fspac.ubbcluj.ro\/dcrpp\/wp-content\/uploads\/2026\/02\/CRP3-1.pdf\">CRP - ANUL 3<\/a><\/strong><\/span><\/li><li><span style=\"color: #ff6600\"><strong><a style=\"color: #ff6600\" href=\"https:\/\/fspac.ubbcluj.ro\/dcrpp\/wp-content\/uploads\/2026\/02\/PUB1-1.pdf\">PUBLICITATE - ANUL 1<\/a><\/strong><\/span><\/li><li><span style=\"color: #ff6600\"><strong><a style=\"color: #ff6600\" href=\"https:\/\/fspac.ubbcluj.ro\/dcrpp\/wp-content\/uploads\/2026\/02\/PUB2-1.pdf\">PUBLICITATE - ANUL 2<\/a><\/strong><\/span><\/li><li><span style=\"color: #ff6600\"><strong><a style=\"color: #ff6600\" href=\"https:\/\/fspac.ubbcluj.ro\/dcrpp\/wp-content\/uploads\/2026\/02\/PUB3-1.pdf\">PUBLICITATE - ANUL 3<\/a><\/strong><\/span><\/li><li><span style=\"color: #ff6600\"><strong><a style=\"color: #ff6600\" href=\"https:\/\/fspac.ubbcluj.ro\/dcrpp\/wp-content\/uploads\/2026\/02\/CRPPG1.pdf\">CRP German\u0103 - ANUL 1<\/a><\/strong><\/span><\/li><li><a href=\"https:\/\/fspac.ubbcluj.ro\/dcrpp\/wp-content\/uploads\/2026\/02\/CRPPG-2.pdf\"><strong><span style=\"color: #ff6600\">CRP German\u0103 - ANUL 2<\/span><\/strong><\/a><\/li><li><a href=\"https:\/\/fspac.ubbcluj.ro\/dcrpp\/wp-content\/uploads\/2026\/02\/CRPPG-3.pdf\"><strong><span style=\"color: #ff6600\">CRP German\u0103 - ANUL 3<\/span><\/strong><\/a><\/li><\/ul><p><span style=\"color: #ff0000\"><strong><a style=\"color: #ff0000\" href=\"https:\/\/fspac.ubbcluj.ro\/dcrpp\/wp-content\/uploads\/2024\/09\/Denumirea-salilor-FSPAC.pdf\">Legend\u0103 s\u0103li FSPAC<\/a><\/strong><\/span><\/p><\/div>\t\t\t\t\t\t\t<\/div>\n\t\t\t\t\t\t\t\t\t\t\t\t<\/div>\n\t\t\t\t\t\t\t\t\t<\/div>\n\t\t\t\t<\/div>\n\t\t\t\t\t<\/div>\n\t\t<\/div>\n\t\t\t\t<div class=\" elementor-column elementor-col-50 elementor-top-column elementor-element elementor-element-692b81b\" data-fullscreen-column-settings=\"{&quot;fullscreen&quot;:&quot;&quot;}\" data-id=\"692b81b\" data-element_type=\"column\">\n\t\t\t<div class=\"elementor-widget-wrap elementor-element-populated\">\n\t\t\t\t\t\t<div class=\"elementor-element elementor-element-15a3103 elementor-view-default elementor-widget elementor-widget-litho-feature-box\" data-id=\"15a3103\" data-element_type=\"widget\" data-settings=\"{&quot;litho_feature_box_styles&quot;:&quot;icon-text-style-1&quot;}\" data-widget_type=\"litho-feature-box.default\">\n\t\t\t\t<div class=\"elementor-widget-container\">\n\t\t\t\t\t\t\t\t\t\t<div class=\"feature-box icon-text-style-1\"><div class=\"elementor-icon\"><i aria-hidden=\"true\" class=\" solid-icon-Student-MaleFemale\"><\/i><\/div><div class=\"feature-box-content\"><span class=\"title\">NIVEL MASTERAT<\/span><div class=\"content\"><ul><li><span style=\"color: #ff6600\"><strong><a style=\"color: #ff6600\" href=\"https:\/\/fspac.ubbcluj.ro\/dcrpp\/wp-content\/uploads\/2026\/02\/MPR1-1.pdf\">MASTER PR RO - ANUL 1<\/a><\/strong><\/span><\/li><li><span style=\"color: #ff6600\"><strong><a style=\"color: #ff6600\" href=\"https:\/\/fspac.ubbcluj.ro\/dcrpp\/wp-content\/uploads\/2026\/02\/MPR2-1.pdf\">MASTER PR RO - ANUL 2<\/a><\/strong><\/span><\/li><li><span style=\"color: #ff6600\"><strong><a style=\"color: #ff6600\" href=\"https:\/\/fspac.ubbcluj.ro\/dcrpp\/wp-content\/uploads\/2026\/02\/MPUB1-1.pdf\">MASTER PUBLICITATE RO - ANUL 1<\/a><\/strong><\/span><\/li><li><span style=\"color: #ff6600\"><strong><a style=\"color: #ff6600\" href=\"https:\/\/fspac.ubbcluj.ro\/dcrpp\/wp-content\/uploads\/2026\/02\/MPUB2-1.pdf\">MASTER PUBLICITATE RO - ANUL 2<\/a><\/strong><\/span><\/li><li><span style=\"color: #ff6600\"><strong><a style=\"color: #ff6600\" href=\"https:\/\/fspac.ubbcluj.ro\/dcrpp\/wp-content\/uploads\/2026\/02\/MPUBPRGE1.pdf\">MASTER PR DE - ANUL 1<\/a><\/strong><\/span><\/li><li><span style=\"color: #ff6600\"><strong><a style=\"color: #ff6600\" href=\"https:\/\/fspac.ubbcluj.ro\/dcrpp\/wp-content\/uploads\/2026\/02\/MPUBPRGE2.pdf\">MASTER PR DE - ANUL 2<\/a><\/strong><\/span><\/li><li><a href=\"https:\/\/fspac.ubbcluj.ro\/dcrpp\/wp-content\/uploads\/2026\/02\/MPUBEN1.pdf\"><span style=\"color: #ff6600\"><strong>MASTER PUBLICITATE EN - ANUL 1\u00a0<\/strong><\/span><\/a><\/li><li><span style=\"color: #ff6600\"><strong><a style=\"color: #ff6600\" href=\"https:\/\/fspac.ubbcluj.ro\/dcrpp\/wp-content\/uploads\/2026\/02\/MPUBEN2.pdf\">MASTER PUBLICITATE EN - ANUL 2<\/a><\/strong><\/span><\/li><\/ul><p><span style=\"color: #ff0000\"><strong><a style=\"color: #ff0000\" href=\"https:\/\/fspac.ubbcluj.ro\/dcrpp\/wp-content\/uploads\/2024\/09\/Denumirea-salilor-FSPAC.pdf\">Legend\u0103 s\u0103li FSPAC<\/a><\/strong><\/span><\/p><\/div>\t\t\t\t\t\t\t<\/div>\n\t\t\t\t\t\t\t\t\t\t\t\t<\/div>\n\t\t\t\t\t\t\t\t\t<\/div>\n\t\t\t\t<\/div>\n\t\t\t\t\t<\/div>\n\t\t<\/div>\n\t\t\t\t\t<\/div>\n\t\t<\/section>\n\t\t\t\t<section data-particle_enable=\"false\" data-particle-mobile-disabled=\"false\" class=\"elementor-section elementor-top-section elementor-element elementor-element-82264eb elementor-section-boxed elementor-section-height-default elementor-section-height-default\" data-id=\"82264eb\" data-element_type=\"section\">\n\t\t\t\t\t\t<div class=\"elementor-container elementor-column-gap-default\">\n\t\t\t\t\t<div class=\" elementor-column elementor-col-100 elementor-top-column elementor-element elementor-element-7b88a37\" data-fullscreen-column-settings=\"{&quot;fullscreen&quot;:&quot;&quot;}\" data-id=\"7b88a37\" data-element_type=\"column\">\n\t\t\t<div class=\"elementor-widget-wrap elementor-element-populated\">\n\t\t\t\t\t\t<div class=\"elementor-element elementor-element-e4bcd86 elementor-widget elementor-widget-spacer\" data-id=\"e4bcd86\" data-element_type=\"widget\" data-widget_type=\"spacer.default\">\n\t\t\t\t<div class=\"elementor-widget-container\">\n\t\t\t\t\t\t\t<div class=\"elementor-spacer\">\n\t\t\t<div class=\"elementor-spacer-inner\"><\/div>\n\t\t<\/div>\n\t\t\t\t\t\t<\/div>\n\t\t\t\t<\/div>\n\t\t\t\t\t<\/div>\n\t\t<\/div>\n\t\t\t\t\t<\/div>\n\t\t<\/section>\n\t\t\t\t<section data-particle_enable=\"false\" data-particle-mobile-disabled=\"false\" class=\"elementor-section elementor-top-section elementor-element elementor-element-13c1d2b elementor-section-boxed elementor-section-height-default elementor-section-height-default elementor-invisible\" data-id=\"13c1d2b\" data-element_type=\"section\" data-settings=\"{&quot;background_background&quot;:&quot;classic&quot;,&quot;animation&quot;:&quot;fadeIn&quot;}\">\n\t\t\t\t\t\t<div class=\"elementor-container elementor-column-gap-default\">\n\t\t\t\t\t<div class=\" elementor-column elementor-col-100 elementor-top-column elementor-element elementor-element-f3f04bf\" data-fullscreen-column-settings=\"{&quot;fullscreen&quot;:&quot;&quot;}\" data-id=\"f3f04bf\" data-element_type=\"column\">\n\t\t\t<div class=\"elementor-widget-wrap elementor-element-populated\">\n\t\t\t\t\t\t<div data-particle_enable=\"false\" data-particle-mobile-disabled=\"false\" class=\"elementor-section elementor-inner-section elementor-element elementor-element-880968d elementor-section-boxed elementor-section-height-default elementor-section-height-default\" data-id=\"880968d\" data-element_type=\"section\">\n\t\t\t\t\t\t<div class=\"elementor-container elementor-column-gap-default\">\n\t\t\t\t\t<div class=\" elementor-column elementor-col-25 elementor-inner-column elementor-element elementor-element-80e837f elementor-hidden-phone\" data-fullscreen-column-settings=\"{&quot;fullscreen&quot;:&quot;&quot;}\" data-id=\"80e837f\" data-element_type=\"column\">\n\t\t\t<div class=\"elementor-widget-wrap\">\n\t\t\t\t\t\t\t<\/div>\n\t\t<\/div>\n\t\t\t\t<div class=\" elementor-column elementor-col-50 elementor-inner-column elementor-element elementor-element-488c288\" data-fullscreen-column-settings=\"{&quot;fullscreen&quot;:&quot;&quot;}\" data-id=\"488c288\" data-element_type=\"column\">\n\t\t\t<div class=\"elementor-widget-wrap elementor-element-populated\">\n\t\t\t\t\t\t<div class=\"elementor-element elementor-element-4c07f10 elementor-widget elementor-widget-litho-heading\" data-id=\"4c07f10\" data-element_type=\"widget\" data-widget_type=\"litho-heading.default\">\n\t\t\t\t<div class=\"elementor-widget-container\">\n\t\t\t\t\t<span class=\"litho-heading elementor-size-default\"><span class=\"litho-primary-title\">#dcrpp<\/span><\/span>\t\t\t\t<\/div>\n\t\t\t\t<\/div>\n\t\t\t\t<div class=\"elementor-element elementor-element-f15cebe elementor-widget elementor-widget-litho-heading\" data-id=\"f15cebe\" data-element_type=\"widget\" data-widget_type=\"litho-heading.default\">\n\t\t\t\t<div class=\"elementor-widget-container\">\n\t\t\t\t\t<h5 class=\"litho-heading elementor-size-default\"><span class=\"litho-primary-title\">GRUPE, AN UNIV.  2025 \u2013 2026<\/span><\/h5>\t\t\t\t<\/div>\n\t\t\t\t<\/div>\n\t\t\t\t<div class=\"elementor-element elementor-element-5c9e3fc elementor-widget elementor-widget-litho-heading\" data-id=\"5c9e3fc\" data-element_type=\"widget\" data-widget_type=\"litho-heading.default\">\n\t\t\t\t<div class=\"elementor-widget-container\">\n\t\t\t\t\t<span class=\"litho-heading elementor-size-default\"><span class=\"litho-primary-title\">(actualizat la data de 26 septembrie 2025, ora 11.21)<\/span><\/span>\t\t\t\t<\/div>\n\t\t\t\t<\/div>\n\t\t\t\t<div class=\"elementor-element elementor-element-d57653e elementor-widget elementor-widget-litho-heading\" data-id=\"d57653e\" data-element_type=\"widget\" data-widget_type=\"litho-heading.default\">\n\t\t\t\t<div class=\"elementor-widget-container\">\n\t\t\t\t\t<span class=\"litho-heading elementor-size-default\"><span class=\"litho-primary-title\">Este imperios necesar s\u0103 verifica\u021bi aceast\u0103 pagin\u0103 periodic \u00een zilele care urmeaz\u0103. Este foarte posibil s\u0103 existe modific\u0103ri la grupe.\n\n<\/span><\/span>\t\t\t\t<\/div>\n\t\t\t\t<\/div>\n\t\t\t\t<div class=\"elementor-element elementor-element-983aed5 elementor-widget elementor-widget-litho-heading\" data-id=\"983aed5\" data-element_type=\"widget\" data-widget_type=\"litho-heading.default\">\n\t\t\t\t<div class=\"elementor-widget-container\">\n\t\t\t\t\t<span class=\"litho-heading elementor-size-default\"><span class=\"litho-primary-title\">Studen\u021bii de anul 1 \u00ee\u0219i g\u0103sesc NUM\u0102RUL MATRICOL pe ACADEMICINFO, chiar pe prima pagin\u0103, cu ro\u0219u. \n<\/span><\/span>\t\t\t\t<\/div>\n\t\t\t\t<\/div>\n\t\t\t\t\t<\/div>\n\t\t<\/div>\n\t\t\t\t<div class=\" elementor-column elementor-col-25 elementor-inner-column elementor-element elementor-element-2640acd elementor-hidden-phone\" data-fullscreen-column-settings=\"{&quot;fullscreen&quot;:&quot;&quot;}\" data-id=\"2640acd\" data-element_type=\"column\">\n\t\t\t<div class=\"elementor-widget-wrap\">\n\t\t\t\t\t\t\t<\/div>\n\t\t<\/div>\n\t\t\t\t\t<\/div>\n\t\t<\/div>\n\t\t\t\t\t<\/div>\n\t\t<\/div>\n\t\t\t\t\t<\/div>\n\t\t<\/section>\n\t\t\t\t<section data-particle_enable=\"false\" data-particle-mobile-disabled=\"false\" class=\"elementor-section elementor-top-section elementor-element elementor-element-ecc7239 elementor-section-boxed elementor-section-height-default elementor-section-height-default\" data-id=\"ecc7239\" data-element_type=\"section\">\n\t\t\t\t\t\t<div class=\"elementor-container elementor-column-gap-default\">\n\t\t\t\t\t<div class=\" elementor-column elementor-col-50 elementor-top-column elementor-element elementor-element-c7009e5\" data-fullscreen-column-settings=\"{&quot;fullscreen&quot;:&quot;&quot;}\" data-id=\"c7009e5\" data-element_type=\"column\">\n\t\t\t<div class=\"elementor-widget-wrap elementor-element-populated\">\n\t\t\t\t\t\t<div class=\"elementor-element elementor-element-2aec280 elementor-view-default elementor-widget elementor-widget-litho-feature-box\" data-id=\"2aec280\" data-element_type=\"widget\" data-settings=\"{&quot;litho_feature_box_styles&quot;:&quot;icon-text-style-1&quot;}\" data-widget_type=\"litho-feature-box.default\">\n\t\t\t\t<div class=\"elementor-widget-container\">\n\t\t\t\t\t\t\t\t\t\t<div class=\"feature-box icon-text-style-1\"><div class=\"elementor-icon\"><i aria-hidden=\"true\" class=\"fas fa-comments\"><\/i><\/div><div class=\"feature-box-content\"><span class=\"title\">COMUNICARE \u0218I RELA\u021aII PUBLICE<\/span><div class=\"content\"><ul><li><span style=\"color: #ff6600\"><strong><a style=\"color: #ff6600\" href=\"https:\/\/fspac.ubbcluj.ro\/dcrpp\/wp-content\/uploads\/2025\/09\/An-I-2025-2026-GRUPE.pdf\">ANUL 1<\/a><\/strong><\/span><\/li><li><span style=\"color: #ff6600\"><strong><a style=\"color: #ff6600\" href=\"https:\/\/fspac.ubbcluj.ro\/dcrpp\/wp-content\/uploads\/2025\/09\/An-II-2025-2026-GRUPE.pdf\">ANUL 2<\/a><\/strong><\/span><\/li><li><span style=\"color: #ff6600\"><strong><a style=\"color: #ff6600\" href=\"https:\/\/fspac.ubbcluj.ro\/dcrpp\/wp-content\/uploads\/2025\/09\/An-III-2025-2026-GRUPE.pdf\">ANUL 3<\/a><\/strong><\/span><\/li><\/ul><\/div>\t\t\t\t\t\t\t<\/div>\n\t\t\t\t\t\t\t\t\t\t\t\t<\/div>\n\t\t\t\t\t\t\t\t\t<\/div>\n\t\t\t\t<\/div>\n\t\t\t\t\t<\/div>\n\t\t<\/div>\n\t\t\t\t<div class=\" elementor-column elementor-col-50 elementor-top-column elementor-element elementor-element-6327211\" data-fullscreen-column-settings=\"{&quot;fullscreen&quot;:&quot;&quot;}\" data-id=\"6327211\" data-element_type=\"column\">\n\t\t\t<div class=\"elementor-widget-wrap elementor-element-populated\">\n\t\t\t\t\t\t<div class=\"elementor-element elementor-element-2ba990c elementor-view-default elementor-widget elementor-widget-litho-feature-box\" data-id=\"2ba990c\" data-element_type=\"widget\" data-settings=\"{&quot;litho_feature_box_styles&quot;:&quot;icon-text-style-1&quot;}\" data-widget_type=\"litho-feature-box.default\">\n\t\t\t\t<div class=\"elementor-widget-container\">\n\t\t\t\t\t\t\t\t\t\t<div class=\"feature-box icon-text-style-1\"><div class=\"elementor-icon\"><i aria-hidden=\"true\" class=\"fab fa-adversal\"><\/i><\/div><div class=\"feature-box-content\"><span class=\"title\">PUBLICITATE<\/span><div class=\"content\"><ul><li><span style=\"color: #ff6600\"><a style=\"color: #ff6600\" href=\"https:\/\/fspac.ubbcluj.ro\/dcrpp\/wp-content\/uploads\/2025\/09\/PUB1.pdf\"><strong>ANUL 1<\/strong><\/a><\/span><\/li><li><span style=\"color: #ff6600\"><a style=\"color: #ff6600\" href=\"https:\/\/fspac.ubbcluj.ro\/dcrpp\/wp-content\/uploads\/2025\/09\/PUB2.pdf\"><strong>ANUL 2<\/strong><\/a><\/span><\/li><li><span style=\"color: #ff6600\"><a style=\"color: #ff6600\" href=\"https:\/\/fspac.ubbcluj.ro\/dcrpp\/wp-content\/uploads\/2025\/09\/PUB3.pdf\"><strong>ANUL 3<\/strong><\/a><\/span><\/li><\/ul><\/div>\t\t\t\t\t\t\t<\/div>\n\t\t\t\t\t\t\t\t\t\t\t\t<\/div>\n\t\t\t\t\t\t\t\t\t<\/div>\n\t\t\t\t<\/div>\n\t\t\t\t\t<\/div>\n\t\t<\/div>\n\t\t\t\t\t<\/div>\n\t\t<\/section>\n\t\t\t\t<section data-particle_enable=\"false\" data-particle-mobile-disabled=\"false\" class=\"elementor-section elementor-top-section elementor-element elementor-element-59577e9 elementor-section-boxed elementor-section-height-default elementor-section-height-default\" data-id=\"59577e9\" data-element_type=\"section\">\n\t\t\t\t\t\t<div class=\"elementor-container elementor-column-gap-default\">\n\t\t\t\t\t<div class=\" elementor-column elementor-col-100 elementor-top-column elementor-element elementor-element-6a8b8fc\" data-fullscreen-column-settings=\"{&quot;fullscreen&quot;:&quot;&quot;}\" data-id=\"6a8b8fc\" data-element_type=\"column\">\n\t\t\t<div class=\"elementor-widget-wrap elementor-element-populated\">\n\t\t\t\t\t\t<div class=\"elementor-element elementor-element-dfbda5d elementor-widget elementor-widget-spacer\" data-id=\"dfbda5d\" data-element_type=\"widget\" data-widget_type=\"spacer.default\">\n\t\t\t\t<div class=\"elementor-widget-container\">\n\t\t\t\t\t\t\t<div class=\"elementor-spacer\">\n\t\t\t<div class=\"elementor-spacer-inner\"><\/div>\n\t\t<\/div>\n\t\t\t\t\t\t<\/div>\n\t\t\t\t<\/div>\n\t\t\t\t\t<\/div>\n\t\t<\/div>\n\t\t\t\t\t<\/div>\n\t\t<\/section>\n\t\t\t\t<\/div>\n\t\t","protected":false},"excerpt":{"rendered":"<p>#dcrpp ORAR SEMESTRUL II 2025 \u2013 2026 (actualizat azi, 20 februarie, ora 17.29) Este imperios necesar s\u0103 verifica\u021bi aceast\u0103 pagin\u0103 periodic \u00een zilele care urmeaz\u0103. Este foarte posibil s\u0103 existe modific\u0103ri la orar. NIVEL LICEN\u021a\u0102 CRP &#8211; ANUL 1 CRP &#8211; ANUL 2 CRP &#8211; ANUL 3 PUBLICITATE &#8211; ANUL 1 PUBLICITATE &#8211; ANUL 2 [&hellip;]<\/p>\n","protected":false},"author":1,"featured_media":0,"parent":0,"menu_order":9,"comment_status":"closed","ping_status":"closed","template":"","meta":{"footnotes":""},"class_list":["post-75920","page","type-page","status-publish","hentry"],"_links":{"self":[{"href":"https:\/\/fspac.ubbcluj.ro\/dcrpp\/wp-json\/wp\/v2\/pages\/75920","targetHints":{"allow":["GET"]}}],"collection":[{"href":"https:\/\/fspac.ubbcluj.ro\/dcrpp\/wp-json\/wp\/v2\/pages"}],"about":[{"href":"https:\/\/fspac.ubbcluj.ro\/dcrpp\/wp-json\/wp\/v2\/types\/page"}],"author":[{"embeddable":true,"href":"https:\/\/fspac.ubbcluj.ro\/dcrpp\/wp-json\/wp\/v2\/users\/1"}],"replies":[{"embeddable":true,"href":"https:\/\/fspac.ubbcluj.ro\/dcrpp\/wp-json\/wp\/v2\/comments?post=75920"}],"version-history":[{"count":307,"href":"https:\/\/fspac.ubbcluj.ro\/dcrpp\/wp-json\/wp\/v2\/pages\/75920\/revisions"}],"predecessor-version":[{"id":78011,"href":"https:\/\/fspac.ubbcluj.ro\/dcrpp\/wp-json\/wp\/v2\/pages\/75920\/revisions\/78011"}],"wp:attachment":[{"href":"https:\/\/fspac.ubbcluj.ro\/dcrpp\/wp-json\/wp\/v2\/media?parent=75920"}],"curies":[{"name":"wp","href":"https:\/\/api.w.org\/{rel}","templated":true}]}}