{"id":13227,"date":"2022-03-17T10:18:28","date_gmt":"2022-03-17T10:18:28","guid":{"rendered":"https:\/\/fspac.ubbcluj.ro\/core\/?page_id=13227"},"modified":"2024-11-19T08:52:54","modified_gmt":"2024-11-19T08:52:54","slug":"comunitate","status":"publish","type":"page","link":"https:\/\/fspac.ubbcluj.ro\/core\/comunitate\/","title":{"rendered":"Servicii inovative oferite c\u0103tre comunitate"},"content":{"rendered":"\t\t<div data-elementor-type=\"wp-page\" data-elementor-id=\"13227\" class=\"elementor elementor-13227\">\n\t\t\t\t\t\t\t\t\t<section class=\"elementor-section elementor-top-section elementor-element elementor-element-9386d74 elementor-section-boxed elementor-section-height-default elementor-section-height-default\" data-id=\"9386d74\" data-element_type=\"section\">\n\t\t\t\t\t\t<div class=\"elementor-container elementor-column-gap-default\">\n\t\t\t\t\t<div class=\"elementor-column elementor-col-100 elementor-top-column elementor-element elementor-element-d41e72a\" data-id=\"d41e72a\" data-element_type=\"column\">\n\t\t\t<div class=\"elementor-widget-wrap elementor-element-populated\">\n\t\t\t\t\t\t\t\t<div class=\"elementor-element elementor-element-78b2309 elementor-widget elementor-widget-heading\" data-id=\"78b2309\" data-element_type=\"widget\" data-widget_type=\"heading.default\">\n\t\t\t\t<div class=\"elementor-widget-container\">\n\t\t\t<style>\/*! elementor - v3.6.1 - 23-03-2022 *\/\n.elementor-heading-title{padding:0;margin:0;line-height:1}.elementor-widget-heading .elementor-heading-title[class*=elementor-size-]>a{color:inherit;font-size:inherit;line-height:inherit}.elementor-widget-heading .elementor-heading-title.elementor-size-small{font-size:15px}.elementor-widget-heading .elementor-heading-title.elementor-size-medium{font-size:19px}.elementor-widget-heading .elementor-heading-title.elementor-size-large{font-size:29px}.elementor-widget-heading .elementor-heading-title.elementor-size-xl{font-size:39px}.elementor-widget-heading .elementor-heading-title.elementor-size-xxl{font-size:59px}<\/style><h2 class=\"elementor-heading-title elementor-size-default\">Servicii inovative oferite c\u0103tre comunitate<\/h2>\t\t<\/div>\n\t\t\t\t<\/div>\n\t\t\t\t<div class=\"elementor-element elementor-element-bb36430 elementor-widget elementor-widget-spacer\" data-id=\"bb36430\" data-element_type=\"widget\" data-widget_type=\"spacer.default\">\n\t\t\t\t<div class=\"elementor-widget-container\">\n\t\t\t<style>\/*! elementor - v3.6.1 - 23-03-2022 *\/\n.e-container.e-container--row .elementor-spacer-inner{width:var(--spacer-size)}.e-container.e-container--column .elementor-spacer-inner,.elementor-column .elementor-spacer-inner{height:var(--spacer-size)}<\/style>\t\t<div class=\"elementor-spacer\">\n\t\t\t<div class=\"elementor-spacer-inner\"><\/div>\n\t\t<\/div>\n\t\t\t\t<\/div>\n\t\t\t\t<\/div>\n\t\t\t\t\t<\/div>\n\t\t<\/div>\n\t\t\t\t\t\t\t<\/div>\n\t\t<\/section>\n\t\t\t\t<section class=\"elementor-section elementor-top-section elementor-element elementor-element-1d2058c elementor-section-boxed elementor-section-height-default elementor-section-height-default\" data-id=\"1d2058c\" data-element_type=\"section\">\n\t\t\t\t\t\t<div class=\"elementor-container elementor-column-gap-default\">\n\t\t\t\t\t<div class=\"elementor-column elementor-col-100 elementor-top-column elementor-element elementor-element-09b458b\" data-id=\"09b458b\" data-element_type=\"column\">\n\t\t\t<div class=\"elementor-widget-wrap elementor-element-populated\">\n\t\t\t\t\t\t\t\t<div class=\"elementor-element elementor-element-a044c40 elementor-widget-divider--view-line_icon elementor-view-default elementor-widget-divider--element-align-center elementor-widget elementor-widget-divider\" data-id=\"a044c40\" data-element_type=\"widget\" data-widget_type=\"divider.default\">\n\t\t\t\t<div class=\"elementor-widget-container\">\n\t\t\t<style>\/*! elementor - v3.6.1 - 23-03-2022 *\/\n.elementor-widget-divider{--divider-border-style:none;--divider-border-width:1px;--divider-color:#2c2c2c;--divider-icon-size:20px;--divider-element-spacing:10px;--divider-pattern-height:24px;--divider-pattern-size:20px;--divider-pattern-url:none;--divider-pattern-repeat:repeat-x}.elementor-widget-divider .elementor-divider{display:-webkit-box;display:-ms-flexbox;display:flex}.elementor-widget-divider .elementor-divider__text{font-size:15px;line-height:1;max-width:95%}.elementor-widget-divider .elementor-divider__element{margin:0 var(--divider-element-spacing);-ms-flex-negative:0;flex-shrink:0}.elementor-widget-divider .elementor-icon{font-size:var(--divider-icon-size)}.elementor-widget-divider .elementor-divider-separator{display:-webkit-box;display:-ms-flexbox;display:flex;margin:0;direction:ltr}.elementor-widget-divider--view-line_icon .elementor-divider-separator,.elementor-widget-divider--view-line_text .elementor-divider-separator{-webkit-box-align:center;-ms-flex-align:center;align-items:center}.elementor-widget-divider--view-line_icon .elementor-divider-separator:after,.elementor-widget-divider--view-line_icon .elementor-divider-separator:before,.elementor-widget-divider--view-line_text .elementor-divider-separator:after,.elementor-widget-divider--view-line_text .elementor-divider-separator:before{display:block;content:\"\";border-bottom:0;-webkit-box-flex:1;-ms-flex-positive:1;flex-grow:1;border-top:var(--divider-border-width) var(--divider-border-style) var(--divider-color)}.elementor-widget-divider--element-align-left .elementor-divider .elementor-divider-separator>.elementor-divider__svg:first-of-type{-webkit-box-flex:0;-ms-flex-positive:0;flex-grow:0;-ms-flex-negative:100;flex-shrink:100}.elementor-widget-divider--element-align-left .elementor-divider-separator:before{content:none}.elementor-widget-divider--element-align-left .elementor-divider__element{margin-left:0}.elementor-widget-divider--element-align-right .elementor-divider .elementor-divider-separator>.elementor-divider__svg:last-of-type{-webkit-box-flex:0;-ms-flex-positive:0;flex-grow:0;-ms-flex-negative:100;flex-shrink:100}.elementor-widget-divider--element-align-right .elementor-divider-separator:after{content:none}.elementor-widget-divider--element-align-right .elementor-divider__element{margin-right:0}.elementor-widget-divider:not(.elementor-widget-divider--view-line_text):not(.elementor-widget-divider--view-line_icon) .elementor-divider-separator{border-top:var(--divider-border-width) var(--divider-border-style) var(--divider-color)}.elementor-widget-divider--separator-type-pattern{--divider-border-style:none}.elementor-widget-divider--separator-type-pattern.elementor-widget-divider--view-line .elementor-divider-separator,.elementor-widget-divider--separator-type-pattern:not(.elementor-widget-divider--view-line) .elementor-divider-separator:after,.elementor-widget-divider--separator-type-pattern:not(.elementor-widget-divider--view-line) .elementor-divider-separator:before,.elementor-widget-divider--separator-type-pattern:not([class*=elementor-widget-divider--view]) .elementor-divider-separator{width:100%;min-height:var(--divider-pattern-height);-webkit-mask-size:var(--divider-pattern-size) 100%;mask-size:var(--divider-pattern-size) 100%;-webkit-mask-repeat:var(--divider-pattern-repeat);mask-repeat:var(--divider-pattern-repeat);background-color:var(--divider-color);-webkit-mask-image:var(--divider-pattern-url);mask-image:var(--divider-pattern-url)}.elementor-widget-divider--no-spacing{--divider-pattern-size:auto}.elementor-widget-divider--bg-round{--divider-pattern-repeat:round}.rtl .elementor-widget-divider .elementor-divider__text{direction:rtl}<\/style>\t\t<div class=\"elementor-divider\">\n\t\t\t<span class=\"elementor-divider-separator\">\n\t\t\t\t\t\t\t<div class=\"elementor-icon elementor-divider__element\">\n\t\t\t\t\t<i aria-hidden=\"true\" class=\"fas fa-university\"><\/i><\/div>\n\t\t\t\t\t\t<\/span>\n\t\t<\/div>\n\t\t\t\t<\/div>\n\t\t\t\t<\/div>\n\t\t\t\t<div class=\"elementor-element elementor-element-162b91d elementor-widget elementor-widget-text-editor\" data-id=\"162b91d\" data-element_type=\"widget\" data-widget_type=\"text-editor.default\">\n\t\t\t\t<div class=\"elementor-widget-container\">\n\t\t\t<style>\/*! elementor - v3.6.1 - 23-03-2022 *\/\n.elementor-widget-text-editor.elementor-drop-cap-view-stacked .elementor-drop-cap{background-color:#818a91;color:#fff}.elementor-widget-text-editor.elementor-drop-cap-view-framed .elementor-drop-cap{color:#818a91;border:3px solid;background-color:transparent}.elementor-widget-text-editor:not(.elementor-drop-cap-view-default) .elementor-drop-cap{margin-top:8px}.elementor-widget-text-editor:not(.elementor-drop-cap-view-default) .elementor-drop-cap-letter{width:1em;height:1em}.elementor-widget-text-editor .elementor-drop-cap{float:left;text-align:center;line-height:1;font-size:50px}.elementor-widget-text-editor .elementor-drop-cap-letter{display:inline-block}<\/style>\t\t\t\t<ul><li><ul><li><strong>Busola Civic\u0103<\/strong> &#8211; Busola face parte din cadrul proiectului \u201e<a href=\"https:\/\/l.facebook.com\/l.php?u=http%3A%2F%2FIMPACT.org%2F%3Ffbclid%3DIwZXh0bgNhZW0CMTAAAR2i0wp3a--GVYx0jZbOdV5629OfZdx83ZyKlyX3SHASUqjcDMEKXbrUKjc_aem_dlOsqEWhwgtk5HWDb1qdVg&amp;h=AT17hMNYERpa9izheZfKAan0D0KhbFr1JCcNeBYW9NgtOmbfBHLE9PH4Eijd9FmRHTh65lpJJfXedm2ffOJxQvndGrMhTtmUClBJC_KkPLLp3QXHTFo9dNkChLGqM66lSg&amp;__tn__=-UK-R&amp;c%5b0%5d=AT3M06krhtklEsfB3GkddmaqkgZb2gL1xByV5_h6quhwVBn8bgwZ0bsmR8aEh7KhLPyvoIbupW0ZEyU85evelvavjtHrrgNW9NS8sa_ErYNQ9H54QDXtHXKRzMGBCV6d3Fk7opSrpIc6xLuKRwHo3I8a5CSciwSDWXbTa-7M0G4wPrX0Wn_pxkb4MSkgiQ8WnAWxpNyfDhhKiB9pVQ-YrSudAw\">org:<\/a> Amplificarea impactului societ\u0103\u021bii civile din Transilvania\u201d. Acest proiect este derulat de ACTEDO, \u00een parteneriat cu Club Francophone d&#8217;Affaires de Cluj, cu sprijinul financiar Active Citizens Fund &#8211; Romania, program finan\u021bat de Islanda, Liechtenstein \u0219i Norvegia prin Granturile SEE 2014-2021. <a href=\"https:\/\/busolacivica.compasshub.eu\/?fbclid=IwZXh0bgNhZW0CMTAAAR2fG-QUA95BiSImY9L8TWrNWIa21Hi6hno7wwdZkxESzgMVmCTIxIAV7vE_aem_FzgKiI9PhvmW5ZAaROnHyA\">https:\/\/busolacivica.compasshub.eu<\/a> (coordonatori: Andreea Voina, Mihnea Stoica, Dorin Spoaller)<\/li><\/ul><p>\u00a0<\/p><ul><li><strong>Sondaj de opinie despre protejarea mediului<\/strong>, reciclare \u0219i economia circular\u0103 a viitorului. Sondajul a fost realizat \u00een perioada 23 mai \u2013 14 iunie 2022, la comanda think-tank-ului STRATEGIC Thinking Group (<a href=\"http:\/\/www.strategicthinking.ro\/\">strategicthinking.ro<\/a>)<\/li><\/ul><p>\u00a0<\/p><ul><li><strong>Living Lab<\/strong> &#8211; <a href=\"https:\/\/fspac.ubbcluj.ro\/ro\/resurse\/fspac-living-lab\">https:\/\/fspac.ubbcluj.ro\/ro\/resurse\/fspac-living-lab<\/a><\/li><\/ul><p>\u00a0<\/p><ul><li><strong>Universitatea V\u00e2rstei a Treia<\/strong> \u2013 participarea unora dintre membrii UC la acest proiect adresat seniorilor \u0219i realizat printr-un parteneriat \u00eentre Funda\u021bia UBB, \u00a0Asocia\u021bia EduNation \u0219i Prim\u0103ria Cluj-Napoca. <a href=\"https:\/\/www.facebook.com\/fundatiaubb\">https:\/\/www.facebook.com\/fundatiaubb<\/a><\/li><\/ul><p>\u00a0<\/p><ul><li><strong>Proiecte de Service Learning<\/strong> (coordonatori proiecte: Anisoara Pavelea \u0219i Lorina Culic):<\/li><\/ul><p><strong>\u00a0<\/strong><\/p><p><strong>Proiecte 2024<\/strong><\/p><p>Titlu proiect: <strong><em>Terapie prin dans pentru seniori<\/em><\/strong><\/p><p>Parteneri: Centrul de zi pentru v\u00e2rstnici nr. 2, Cluj-Napoca<\/p><p>Beneficiari: 20<\/p><p>Facebook:https:\/\/www.facebook.com\/events\/317408991453373\/328762940317978\/<\/p><p>\u00a0<\/p><p>Titlu proiect: <strong><em>Ethnicity &#8211; Multicultural Festival in Cluj-Napoca<\/em><\/strong><\/p><p>Parteneri: Ethnicity, Prim\u0103ria Cluj-Napoca<\/p><p>Beneficiari: 3000<\/p><p>Facebook: <a href=\"https:\/\/www.facebook.com\/ethnicity.cluj\/\">https:\/\/www.facebook.com\/ethnicity.cluj\/<\/a><\/p><p>Instagram: <a href=\"https:\/\/www.instagram.com\/ethnicity.cluj\/\">https:\/\/www.instagram.com\/ethnicity.cluj\/<\/a><\/p><p>Mass-media: <a href=\"https:\/\/www.onevent.ro\/evenimente\/multicultural-festival-ethnicity-2024\/\">https:\/\/www.onevent.ro\/evenimente\/multicultural-festival-ethnicity-2024\/<\/a><\/p><p><a href=\"https:\/\/www.radiocluj.ro\/2024\/05\/27\/ethnicity-eveniment-multicultural-la-cluj-napoca\/\">https:\/\/www.radiocluj.ro\/2024\/05\/27\/ethnicity-eveniment-multicultural-la-cluj-napoca\/<\/a><\/p><p>\u00a0<\/p><p>Titlu proiect: <strong><em>Intercommunity<\/em><\/strong><\/p><p>Parteneri: Book Truck, \u0218coala gimnazial\u0103 Mintiul Gherlii<\/p><p>Beneficiari: 50<\/p><p>Facebook:<\/p><p>Instagram: https:\/\/www.instagram.com\/intercommunity.ro\/<\/p><p>Titlu proiect: PROJECT YOUTH<\/p><p>Parteneri: Centrul Comunitar C\u0103r\u021bile pe Fa\u021b\u0103, \u0218coala Gimnazial\u0103 cu clasele I- VIII Rug\u0103\u0219e\u0219ti, \u0218coala Gimnazial\u0103 C\u0103\u0219eiu<\/p><p>Beneficiari: 50<\/p><p>Instagram: <a href=\"https:\/\/www.instagram.com\/cartilepefata\">https:\/\/www.instagram.com\/cartilepefata<\/a><\/p><p>\u00a0<\/p><p><strong>Proiecte 2023<\/strong><\/p><p>Titlu proiect: <strong><em>Bunicii la un click distanta de tehnologie<\/em><\/strong><\/p><p>Parteneri: Clubul Pensionarilor CARP din Zalau<\/p><p>Beneficiari: 16<\/p><p>Mass-media: <a href=\"https:\/\/www.magazinsalajean.ro\/social\/pensionarii-din-zalau-invatati-de-studenti-sa-si-plateasca-facturile-online#google_vignette\">https:\/\/www.magazinsalajean.ro\/social\/pensionarii-din-zalau-invatati-de-studenti-sa-si-plateasca-facturile-online#google_vignette<\/a><\/p><p><a href=\"https:\/\/cluj24.ro\/doua-studente-din-cluj-ii-invata-pe-pensionari-sa-si-foloseasca-telefoanele-pentru-plati-on-line-171826.html\">https:\/\/cluj24.ro\/doua-studente-din-cluj-ii-invata-pe-pensionari-sa-si-foloseasca-telefoanele-pentru-plati-on-line-171826.html<\/a><\/p><p>\u00a0<\/p><p>Titlu proiect: <strong><em>Combaterea fenomenului de abandon s\u0326colar s\u0326i al delincvent\u0326ei juvenile i\u0302n ra\u0302ndul copiilor orfani sau din familii i\u0302n curs de separare<\/em><\/strong><\/p><p>Parteneri: Asociat\u0327ia Filantropica Sfantul Onufrie, manastirea Taut\u0327i, Clubul\u00a0 de fotbal CFR Cluj, Liceul Teoretic Ana Ipatescu din municipiul Gherla<\/p><p>Beneficiari: 20<\/p><p>Facebook: https:\/\/www.facebook.com\/cfr1907\/videos\/604304974674481\/<\/p><p>Mass-media: <a href=\"https:\/\/cluj24.ro\/foto-jucatorii-cfr-cluj-intalnire-cu-micutii-asezamantului-sfantul-onufrie-proiect-de-service-learning-la-o-facultate-a-ubb-176946.html?uord=INXBxhS\/tiCoUB5Gwm_4PRLPNxetR1erHdxwJ35CxBGugFrpU6KOkG2KUT4hNB6YY9C\/Px4QJPnNlubIpknUMpKOwZdk7RMBOketR1jgU5xzJOrljOfghSmxJn3SkpsyR6ACOEm2\">https:\/\/cluj24.ro\/foto-jucatorii-cfr-cluj-intalnire-cu-micutii-asezamantului-sfantul-onufrie-proiect-de-service-learning-la-o-facultate-a-ubb-176946.html?uord=INXBxhS\/tiCoUB5Gwm_4PRLPNxetR1erHdxwJ35CxBGugFrpU6KOkG2KUT4hNB6YY9C\/Px4QJPnNlubIpknUMpKOwZdk7RMBOketR1jgU5xzJOrljOfghSmxJn3SkpsyR6ACOEm2<\/a><\/p><p>\u00a0<\/p><p>Titlu proiect: <strong><em>Sport s\u0326i joaca\u0306: Cons\u0326tientizarea comunita\u0306t\u0326ii asupra important\u0326ei sportului i\u0302n ra\u0302ndul copiilor<\/em><\/strong><\/p><p>Parteneri: Gra\u0306dinit\u0326a \u201dSfa\u0302nta Inima\u0306 a lui Isus\u201d Zala\u0306u. S\u0326coala Gimnaziala\u0306 \u201dMihai Eminescu\u201d Zala\u0306u<\/p><p>Beneficiari: 45<\/p><p>Mass-media: <a href=\"https:\/\/maramuresonline.ro\/sport-si-joaca-un-pproiect-fspac-servicelearning\/\">https:\/\/maramuresonline.ro\/sport-si-joaca-un-pproiect-fspac-servicelearning\/<\/a><\/p><p>\u00a0<\/p><p><strong>Proiecte 2022<\/strong><\/p><p>Titlu proiect: <strong><em>Pove\u015fti \u00een pa\u015fi de dans<\/em><\/strong><\/p><p>Parteneri: Centru de zi pentru v\u00e2rstnici, nr.1, Cluj-Napoca<\/p><p>Beneficiari: 12<\/p><p>\u00a0<\/p><p><strong>Proiecte 2021<\/strong><\/p><p>Titlu proiect: <strong>Podul cu C\u0103r\u021bi<\/strong><\/p><p>Parteneri: Prim\u0103ria Municipiului Hu\u0219i<\/p><p>Beneficiari: 10<\/p><p>Mass-media: <a href=\"https:\/\/www.vremeanoua.ro\/parcurile-din-husi-provocare-la-lectura-in-aer-liber-foto\/\">https:\/\/www.vremeanoua.ro\/parcurile-din-husi-provocare-la-lectura-in-aer-liber-foto\/<\/a><\/p><p>\u00a0<\/p><p>Titlu proiect: <strong><em>\u00cempreun\u0103 pentru necuv\u00e2nt\u0103tori<\/em><\/strong><\/p><p>Parteneri: \u201eCasa lui Patrocle si\u00a0 \u201eRay Animal Rescue\u201d<\/p><p>Beneficiari: 45 participanti la cursuri<\/p><p>Instagram: <a href=\"https:\/\/www.instagram.com\/pawcare_sl\/\">https:\/\/www.instagram.com\/pawcare_sl\/<\/a><\/p><p>\u00a0<\/p><p>Titlu proiect: <strong><em>Let\u2019s have a Queer moment<\/em><\/strong><\/p><p>Parteneri: funda\u021bia Accept<\/p><p>Beneficiari: 50<\/p><p>Facebook: <a href=\"https:\/\/www.facebook.com\/Lets-have-a-queer-moment-111565771031154\">https:\/\/www.facebook.com\/Lets-have-a-queer-moment-111565771031154<\/a><\/p><p>Instagram: <a href=\"https:\/\/www.instagram.com\/queer_moment\/\">https:\/\/www.instagram.com\/queer_moment\/<\/a><\/p><p>\u00a0<\/p><p>Titlu proiect: <strong><em>Campanie de sus\u021binere a produc\u0103torilor \u0219i antreprenorilor locali \u201cm\u0103n\u00e2nc\u0103 rom\u00e2ne\u0219te\u201d<\/em><\/strong><\/p><p>Parteneri: 7<\/p><p>Beneficiari: 30<\/p><p>Instagram: https:\/\/www.instagram.com\/manancaromaneste\/<\/p><p>Mass-media: <a href=\"https:\/\/www.monitoruldedorna.ro\/?p=286012\">https:\/\/www.monitoruldedorna.ro\/?p=286012<\/a><\/p><p>\u00a0<\/p><p>Titlu proiect: <strong><em>Bunici de poveste<\/em><\/strong><\/p><p>Parteneri: CJRAE Gala\u021bi \u0219i CJRAE Sibiu<\/p><p>Beneficiari: 30<\/p><p>Facebook: <a href=\"https:\/\/www.facebook.com\/bunicidepoveste\/?_rdr\">https:\/\/www.facebook.com\/bunicidepoveste\/?_rdr<\/a><\/p><p>\u00a0<\/p><p>Titlu proiect: <strong><em>Comunitatea \u201eProfesorii Moderni\u201d<\/em><\/strong><\/p><p>Parteneri: Liceul Teoretic Sire\u021bi, Liceul Teoretic \u201cOlimp\u201d \u0219i Liceul Teoretic \u201cDimitrie Cantemir\u201d din Republica Moldova.<\/p><p>Beneficiari: 36<\/p><p>Facebook: <a href=\"https:\/\/www.facebook.com\/T4TSL\">https:\/\/www.facebook.com\/T4TSL<\/a><\/p><\/li><\/ul>\t\t\t\t\t\t<\/div>\n\t\t\t\t<\/div>\n\t\t\t\t<div class=\"elementor-element elementor-element-4484783 elementor-widget elementor-widget-spacer\" data-id=\"4484783\" data-element_type=\"widget\" data-widget_type=\"spacer.default\">\n\t\t\t\t<div class=\"elementor-widget-container\">\n\t\t\t\t\t<div class=\"elementor-spacer\">\n\t\t\t<div class=\"elementor-spacer-inner\"><\/div>\n\t\t<\/div>\n\t\t\t\t<\/div>\n\t\t\t\t<\/div>\n\t\t\t\t\t<\/div>\n\t\t<\/div>\n\t\t\t\t\t\t\t<\/div>\n\t\t<\/section>\n\t\t\t\t\t\t\t<\/div>\n\t\t","protected":false},"excerpt":{"rendered":"<p>Servicii inovative oferite c\u0103tre comunitate Busola Civic\u0103 &#8211; Busola face parte din cadrul proiectului \u201eorg: Amplificarea impactului societ\u0103\u021bii civile din Transilvania\u201d. Acest proiect este derulat de ACTEDO, \u00een parteneriat cu Club Francophone d&#8217;Affaires de Cluj, cu sprijinul financiar Active Citizens Fund &#8211; Romania, program finan\u021bat de Islanda, Liechtenstein \u0219i Norvegia prin Granturile SEE 2014-2021. https:\/\/busolacivica.compasshub.eu&hellip;<\/p>\n","protected":false},"author":1,"featured_media":0,"parent":0,"menu_order":0,"comment_status":"closed","ping_status":"closed","template":"fullwidth.php","meta":{"footnotes":""},"class_list":["post-13227","page","type-page","status-publish","hentry"],"_links":{"self":[{"href":"https:\/\/fspac.ubbcluj.ro\/core\/wp-json\/wp\/v2\/pages\/13227","targetHints":{"allow":["GET"]}}],"collection":[{"href":"https:\/\/fspac.ubbcluj.ro\/core\/wp-json\/wp\/v2\/pages"}],"about":[{"href":"https:\/\/fspac.ubbcluj.ro\/core\/wp-json\/wp\/v2\/types\/page"}],"author":[{"embeddable":true,"href":"https:\/\/fspac.ubbcluj.ro\/core\/wp-json\/wp\/v2\/users\/1"}],"replies":[{"embeddable":true,"href":"https:\/\/fspac.ubbcluj.ro\/core\/wp-json\/wp\/v2\/comments?post=13227"}],"version-history":[{"count":7,"href":"https:\/\/fspac.ubbcluj.ro\/core\/wp-json\/wp\/v2\/pages\/13227\/revisions"}],"predecessor-version":[{"id":13339,"href":"https:\/\/fspac.ubbcluj.ro\/core\/wp-json\/wp\/v2\/pages\/13227\/revisions\/13339"}],"wp:attachment":[{"href":"https:\/\/fspac.ubbcluj.ro\/core\/wp-json\/wp\/v2\/media?parent=13227"}],"curies":[{"name":"wp","href":"https:\/\/api.w.org\/{rel}","templated":true}]}}