{"id":13222,"date":"2022-03-17T10:17:12","date_gmt":"2022-03-17T10:17:12","guid":{"rendered":"https:\/\/fspac.ubbcluj.ro\/core\/?page_id=13222"},"modified":"2024-11-19T08:50:10","modified_gmt":"2024-11-19T08:50:10","slug":"proiecte-cercetare","status":"publish","type":"page","link":"https:\/\/fspac.ubbcluj.ro\/core\/proiecte-cercetare\/","title":{"rendered":"Proiecte institu\u021bionale"},"content":{"rendered":"\t\t<div data-elementor-type=\"wp-page\" data-elementor-id=\"13222\" class=\"elementor elementor-13222\">\n\t\t\t\t\t\t\t\t\t<section class=\"elementor-section elementor-top-section elementor-element elementor-element-9386d74 elementor-section-boxed elementor-section-height-default elementor-section-height-default\" data-id=\"9386d74\" data-element_type=\"section\">\n\t\t\t\t\t\t<div class=\"elementor-container elementor-column-gap-default\">\n\t\t\t\t\t<div class=\"elementor-column elementor-col-100 elementor-top-column elementor-element elementor-element-d41e72a\" data-id=\"d41e72a\" data-element_type=\"column\">\n\t\t\t<div class=\"elementor-widget-wrap elementor-element-populated\">\n\t\t\t\t\t\t\t\t<div class=\"elementor-element elementor-element-78b2309 elementor-widget elementor-widget-heading\" data-id=\"78b2309\" data-element_type=\"widget\" data-widget_type=\"heading.default\">\n\t\t\t\t<div class=\"elementor-widget-container\">\n\t\t\t<style>\/*! elementor - v3.6.1 - 23-03-2022 *\/\n.elementor-heading-title{padding:0;margin:0;line-height:1}.elementor-widget-heading .elementor-heading-title[class*=elementor-size-]>a{color:inherit;font-size:inherit;line-height:inherit}.elementor-widget-heading .elementor-heading-title.elementor-size-small{font-size:15px}.elementor-widget-heading .elementor-heading-title.elementor-size-medium{font-size:19px}.elementor-widget-heading .elementor-heading-title.elementor-size-large{font-size:29px}.elementor-widget-heading .elementor-heading-title.elementor-size-xl{font-size:39px}.elementor-widget-heading .elementor-heading-title.elementor-size-xxl{font-size:59px}<\/style><h2 class=\"elementor-heading-title elementor-size-default\">Proiecte institu\u021bionale<\/h2>\t\t<\/div>\n\t\t\t\t<\/div>\n\t\t\t\t<div class=\"elementor-element elementor-element-bb36430 elementor-widget elementor-widget-spacer\" data-id=\"bb36430\" data-element_type=\"widget\" data-widget_type=\"spacer.default\">\n\t\t\t\t<div class=\"elementor-widget-container\">\n\t\t\t<style>\/*! elementor - v3.6.1 - 23-03-2022 *\/\n.e-container.e-container--row .elementor-spacer-inner{width:var(--spacer-size)}.e-container.e-container--column .elementor-spacer-inner,.elementor-column .elementor-spacer-inner{height:var(--spacer-size)}<\/style>\t\t<div class=\"elementor-spacer\">\n\t\t\t<div class=\"elementor-spacer-inner\"><\/div>\n\t\t<\/div>\n\t\t\t\t<\/div>\n\t\t\t\t<\/div>\n\t\t\t\t\t<\/div>\n\t\t<\/div>\n\t\t\t\t\t\t\t<\/div>\n\t\t<\/section>\n\t\t\t\t<section class=\"elementor-section elementor-top-section elementor-element elementor-element-1d2058c elementor-section-boxed elementor-section-height-default elementor-section-height-default\" data-id=\"1d2058c\" data-element_type=\"section\">\n\t\t\t\t\t\t<div class=\"elementor-container elementor-column-gap-default\">\n\t\t\t\t\t<div class=\"elementor-column elementor-col-100 elementor-top-column elementor-element elementor-element-09b458b\" data-id=\"09b458b\" data-element_type=\"column\">\n\t\t\t<div class=\"elementor-widget-wrap elementor-element-populated\">\n\t\t\t\t\t\t\t\t<div class=\"elementor-element elementor-element-a044c40 elementor-widget-divider--view-line_icon elementor-view-default elementor-widget-divider--element-align-center elementor-widget elementor-widget-divider\" data-id=\"a044c40\" data-element_type=\"widget\" data-widget_type=\"divider.default\">\n\t\t\t\t<div class=\"elementor-widget-container\">\n\t\t\t<style>\/*! elementor - v3.6.1 - 23-03-2022 *\/\n.elementor-widget-divider{--divider-border-style:none;--divider-border-width:1px;--divider-color:#2c2c2c;--divider-icon-size:20px;--divider-element-spacing:10px;--divider-pattern-height:24px;--divider-pattern-size:20px;--divider-pattern-url:none;--divider-pattern-repeat:repeat-x}.elementor-widget-divider .elementor-divider{display:-webkit-box;display:-ms-flexbox;display:flex}.elementor-widget-divider .elementor-divider__text{font-size:15px;line-height:1;max-width:95%}.elementor-widget-divider .elementor-divider__element{margin:0 var(--divider-element-spacing);-ms-flex-negative:0;flex-shrink:0}.elementor-widget-divider .elementor-icon{font-size:var(--divider-icon-size)}.elementor-widget-divider .elementor-divider-separator{display:-webkit-box;display:-ms-flexbox;display:flex;margin:0;direction:ltr}.elementor-widget-divider--view-line_icon .elementor-divider-separator,.elementor-widget-divider--view-line_text .elementor-divider-separator{-webkit-box-align:center;-ms-flex-align:center;align-items:center}.elementor-widget-divider--view-line_icon .elementor-divider-separator:after,.elementor-widget-divider--view-line_icon .elementor-divider-separator:before,.elementor-widget-divider--view-line_text .elementor-divider-separator:after,.elementor-widget-divider--view-line_text .elementor-divider-separator:before{display:block;content:\"\";border-bottom:0;-webkit-box-flex:1;-ms-flex-positive:1;flex-grow:1;border-top:var(--divider-border-width) var(--divider-border-style) var(--divider-color)}.elementor-widget-divider--element-align-left .elementor-divider .elementor-divider-separator>.elementor-divider__svg:first-of-type{-webkit-box-flex:0;-ms-flex-positive:0;flex-grow:0;-ms-flex-negative:100;flex-shrink:100}.elementor-widget-divider--element-align-left .elementor-divider-separator:before{content:none}.elementor-widget-divider--element-align-left .elementor-divider__element{margin-left:0}.elementor-widget-divider--element-align-right .elementor-divider .elementor-divider-separator>.elementor-divider__svg:last-of-type{-webkit-box-flex:0;-ms-flex-positive:0;flex-grow:0;-ms-flex-negative:100;flex-shrink:100}.elementor-widget-divider--element-align-right .elementor-divider-separator:after{content:none}.elementor-widget-divider--element-align-right .elementor-divider__element{margin-right:0}.elementor-widget-divider:not(.elementor-widget-divider--view-line_text):not(.elementor-widget-divider--view-line_icon) .elementor-divider-separator{border-top:var(--divider-border-width) var(--divider-border-style) var(--divider-color)}.elementor-widget-divider--separator-type-pattern{--divider-border-style:none}.elementor-widget-divider--separator-type-pattern.elementor-widget-divider--view-line .elementor-divider-separator,.elementor-widget-divider--separator-type-pattern:not(.elementor-widget-divider--view-line) .elementor-divider-separator:after,.elementor-widget-divider--separator-type-pattern:not(.elementor-widget-divider--view-line) .elementor-divider-separator:before,.elementor-widget-divider--separator-type-pattern:not([class*=elementor-widget-divider--view]) .elementor-divider-separator{width:100%;min-height:var(--divider-pattern-height);-webkit-mask-size:var(--divider-pattern-size) 100%;mask-size:var(--divider-pattern-size) 100%;-webkit-mask-repeat:var(--divider-pattern-repeat);mask-repeat:var(--divider-pattern-repeat);background-color:var(--divider-color);-webkit-mask-image:var(--divider-pattern-url);mask-image:var(--divider-pattern-url)}.elementor-widget-divider--no-spacing{--divider-pattern-size:auto}.elementor-widget-divider--bg-round{--divider-pattern-repeat:round}.rtl .elementor-widget-divider .elementor-divider__text{direction:rtl}<\/style>\t\t<div class=\"elementor-divider\">\n\t\t\t<span class=\"elementor-divider-separator\">\n\t\t\t\t\t\t\t<div class=\"elementor-icon elementor-divider__element\">\n\t\t\t\t\t<i aria-hidden=\"true\" class=\"fas fa-university\"><\/i><\/div>\n\t\t\t\t\t\t<\/span>\n\t\t<\/div>\n\t\t\t\t<\/div>\n\t\t\t\t<\/div>\n\t\t\t\t<div class=\"elementor-element elementor-element-162b91d elementor-widget elementor-widget-text-editor\" data-id=\"162b91d\" data-element_type=\"widget\" data-widget_type=\"text-editor.default\">\n\t\t\t\t<div class=\"elementor-widget-container\">\n\t\t\t<style>\/*! elementor - v3.6.1 - 23-03-2022 *\/\n.elementor-widget-text-editor.elementor-drop-cap-view-stacked .elementor-drop-cap{background-color:#818a91;color:#fff}.elementor-widget-text-editor.elementor-drop-cap-view-framed .elementor-drop-cap{color:#818a91;border:3px solid;background-color:transparent}.elementor-widget-text-editor:not(.elementor-drop-cap-view-default) .elementor-drop-cap{margin-top:8px}.elementor-widget-text-editor:not(.elementor-drop-cap-view-default) .elementor-drop-cap-letter{width:1em;height:1em}.elementor-widget-text-editor .elementor-drop-cap{float:left;text-align:center;line-height:1;font-size:50px}.elementor-widget-text-editor .elementor-drop-cap-letter{display:inline-block}<\/style>\t\t\t\t<ul><li><p><em>Titlul proiectului: <\/em><strong>Re\u021beaua academic\u0103 pentru o Europ\u0103 verde \u0219i inovatoare &#8211; ANGIE<\/strong><\/p><p><em>Perioada: <\/em>2023-10-01 &#8211; 2026-03-31<\/p><p><em>Autoritate finan\u021batoare: <\/em>ANPCDEFP &#8211; ERASMUS<\/p><p><em>Cod proiect: <\/em>KA220-HED-A459F842<\/p><p><em>Buget:<\/em> 400000 EUR<\/p><p><em>Director de proiect (Coordonator partener): <\/em><strong>Ioan Hosu<\/strong><\/p><p>\u00a0<\/p><p><em>Titlul proiectului: <\/em><strong>M\u0103surarea vulnerabilit\u0103\u021bii fa\u021b\u0103 de narativul populist folosind o platform\u0103 online interactiv\u0103<\/strong><\/p><p><em>Perioada: <\/em>2022-04-01 &#8211; 2024-03-31<\/p><p><em>Autoritate finan\u021batoare: <\/em>UEFISCDI &#8211; PNIII &#8211; P1 &#8211; Dezvoltarea sistemului national de CD<\/p><p><em>Cod proiect: <\/em>PN-III-P1-1.1-PD-2021-0267<\/p><p><em>Buget: <\/em>241020 RON<\/p><p><em>Director de proiect: <\/em><strong>Mihnea Stoica<\/strong><\/p><\/li><li><span style=\"font-weight: 400;\">Hosu Ioan (director de proiect), Culic Lorina, Balaban Delia, Mucundorfeanu Meda, Szambolics Julia, Pavelea Ani\u0219oara, POCU 123793 &#8211; Cercet\u0103tor, t\u00e2n\u0103r antreprenor, 2019 \u2013 2022.<\/span><\/li><li><span style=\"font-weight: 400;\">Publicarea volumului Communicating EU (Ed. Accent), 2020.<\/span><\/li><li><span style=\"font-weight: 400;\">Vincze Hanna Orsolya (director de proiect), Meza Radu, Andreea Mogo\u0219, Adaptarea la contextul local a \u0219tirilor externe \u00een Europa Central\u0103 \u0219i de Est: o analiz\u0103 a \u0219tirilor online din Rom\u00e2nia \u0219i Ungaria CNCS &#8211; UEFISCDI Subprogramul 1.1 &#8211; Proiecte de cercetare pentru stimularea tinerelor echipe independente, 2018 \u2013 2020.<\/span><\/li><li><span style=\"font-weight: 400;\">Pavelea Ani\u0219oara, Chiorean Claudia, Culic Lorina, Stoica Mihnea, Lep\u0103datu Ioana, POCU\/90\/6.13\/6.14\/109139 SPiC \u2013 Studen\u021bi \u00een practic\u0103 pentru o carier\u0103 de viitor, 2018 \u2013 2020.<\/span><\/li><li><span style=\"font-weight: 400;\">Hosu Ioan (director de proiect), Iancu Ioana, Ilie\u0219 Veronica, Pavelea Ani\u0219oara, Rus C\u0103lin, Laz\u0103r Dan Tudor, Colceriu Mirela, Culic Lorina, Hin\u021bea C\u0103lin Emilian, Mogo\u0219 Andreea, Balaban Delia, C\u00e2mpian Veronica, Deac Mihai, Frunz\u0103 Sandu, Kadar Magor, Abrudan Mirela, POSDRU\/156\/1.2\/G\/136845 &#8211; Dezvoltarea spiritului antreprenorial \u015fi competen\u0163e profesionale sporite pentru studen\u0163ii din Regiunea Nord-Vest, 2014 \u2013 2016.<\/span><\/li><\/ul>\t\t\t\t\t\t<\/div>\n\t\t\t\t<\/div>\n\t\t\t\t<div class=\"elementor-element elementor-element-4484783 elementor-widget elementor-widget-spacer\" data-id=\"4484783\" data-element_type=\"widget\" data-widget_type=\"spacer.default\">\n\t\t\t\t<div class=\"elementor-widget-container\">\n\t\t\t\t\t<div class=\"elementor-spacer\">\n\t\t\t<div class=\"elementor-spacer-inner\"><\/div>\n\t\t<\/div>\n\t\t\t\t<\/div>\n\t\t\t\t<\/div>\n\t\t\t\t\t<\/div>\n\t\t<\/div>\n\t\t\t\t\t\t\t<\/div>\n\t\t<\/section>\n\t\t\t\t\t\t\t<\/div>\n\t\t","protected":false},"excerpt":{"rendered":"<p>Proiecte institu\u021bionale Titlul proiectului: Re\u021beaua academic\u0103 pentru o Europ\u0103 verde \u0219i inovatoare &#8211; ANGIE Perioada: 2023-10-01 &#8211; 2026-03-31 Autoritate finan\u021batoare: ANPCDEFP &#8211; ERASMUS Cod proiect: KA220-HED-A459F842 Buget: 400000 EUR Director de proiect (Coordonator partener): Ioan Hosu \u00a0 Titlul proiectului: M\u0103surarea vulnerabilit\u0103\u021bii fa\u021b\u0103 de narativul populist folosind o platform\u0103 online interactiv\u0103 Perioada: 2022-04-01 &#8211; 2024-03-31 Autoritate&hellip;<\/p>\n","protected":false},"author":1,"featured_media":0,"parent":0,"menu_order":0,"comment_status":"closed","ping_status":"closed","template":"fullwidth.php","meta":{"footnotes":""},"class_list":["post-13222","page","type-page","status-publish","hentry"],"_links":{"self":[{"href":"https:\/\/fspac.ubbcluj.ro\/core\/wp-json\/wp\/v2\/pages\/13222","targetHints":{"allow":["GET"]}}],"collection":[{"href":"https:\/\/fspac.ubbcluj.ro\/core\/wp-json\/wp\/v2\/pages"}],"about":[{"href":"https:\/\/fspac.ubbcluj.ro\/core\/wp-json\/wp\/v2\/types\/page"}],"author":[{"embeddable":true,"href":"https:\/\/fspac.ubbcluj.ro\/core\/wp-json\/wp\/v2\/users\/1"}],"replies":[{"embeddable":true,"href":"https:\/\/fspac.ubbcluj.ro\/core\/wp-json\/wp\/v2\/comments?post=13222"}],"version-history":[{"count":10,"href":"https:\/\/fspac.ubbcluj.ro\/core\/wp-json\/wp\/v2\/pages\/13222\/revisions"}],"predecessor-version":[{"id":13333,"href":"https:\/\/fspac.ubbcluj.ro\/core\/wp-json\/wp\/v2\/pages\/13222\/revisions\/13333"}],"wp:attachment":[{"href":"https:\/\/fspac.ubbcluj.ro\/core\/wp-json\/wp\/v2\/media?parent=13222"}],"curies":[{"name":"wp","href":"https:\/\/api.w.org\/{rel}","templated":true}]}}