{"id":13207,"date":"2022-03-17T10:07:31","date_gmt":"2022-03-17T10:07:31","guid":{"rendered":"https:\/\/fspac.ubbcluj.ro\/core\/?page_id=13207"},"modified":"2024-11-19T08:50:57","modified_gmt":"2024-11-19T08:50:57","slug":"volume","status":"publish","type":"page","link":"https:\/\/fspac.ubbcluj.ro\/core\/volume\/","title":{"rendered":"Conferin\u021be \u0219i volume"},"content":{"rendered":"\t\t<div data-elementor-type=\"wp-page\" data-elementor-id=\"13207\" class=\"elementor elementor-13207\">\n\t\t\t\t\t\t\t\t\t<section class=\"elementor-section elementor-top-section elementor-element elementor-element-9386d74 elementor-section-boxed elementor-section-height-default elementor-section-height-default\" data-id=\"9386d74\" data-element_type=\"section\">\n\t\t\t\t\t\t<div class=\"elementor-container elementor-column-gap-default\">\n\t\t\t\t\t<div class=\"elementor-column elementor-col-100 elementor-top-column elementor-element elementor-element-d41e72a\" data-id=\"d41e72a\" data-element_type=\"column\">\n\t\t\t<div class=\"elementor-widget-wrap elementor-element-populated\">\n\t\t\t\t\t\t\t\t<div class=\"elementor-element elementor-element-78b2309 elementor-widget elementor-widget-heading\" data-id=\"78b2309\" data-element_type=\"widget\" data-widget_type=\"heading.default\">\n\t\t\t\t<div class=\"elementor-widget-container\">\n\t\t\t<style>\/*! elementor - v3.6.1 - 23-03-2022 *\/\n.elementor-heading-title{padding:0;margin:0;line-height:1}.elementor-widget-heading .elementor-heading-title[class*=elementor-size-]>a{color:inherit;font-size:inherit;line-height:inherit}.elementor-widget-heading .elementor-heading-title.elementor-size-small{font-size:15px}.elementor-widget-heading .elementor-heading-title.elementor-size-medium{font-size:19px}.elementor-widget-heading .elementor-heading-title.elementor-size-large{font-size:29px}.elementor-widget-heading .elementor-heading-title.elementor-size-xl{font-size:39px}.elementor-widget-heading .elementor-heading-title.elementor-size-xxl{font-size:59px}<\/style><h2 class=\"elementor-heading-title elementor-size-default\">Conferin\u021be \u0219i volume<\/h2>\t\t<\/div>\n\t\t\t\t<\/div>\n\t\t\t\t<div class=\"elementor-element elementor-element-bb36430 elementor-widget elementor-widget-spacer\" data-id=\"bb36430\" data-element_type=\"widget\" data-widget_type=\"spacer.default\">\n\t\t\t\t<div class=\"elementor-widget-container\">\n\t\t\t<style>\/*! elementor - v3.6.1 - 23-03-2022 *\/\n.e-container.e-container--row .elementor-spacer-inner{width:var(--spacer-size)}.e-container.e-container--column .elementor-spacer-inner,.elementor-column .elementor-spacer-inner{height:var(--spacer-size)}<\/style>\t\t<div class=\"elementor-spacer\">\n\t\t\t<div class=\"elementor-spacer-inner\"><\/div>\n\t\t<\/div>\n\t\t\t\t<\/div>\n\t\t\t\t<\/div>\n\t\t\t\t\t<\/div>\n\t\t<\/div>\n\t\t\t\t\t\t\t<\/div>\n\t\t<\/section>\n\t\t\t\t<section class=\"elementor-section elementor-top-section elementor-element elementor-element-1d2058c elementor-section-boxed elementor-section-height-default elementor-section-height-default\" data-id=\"1d2058c\" data-element_type=\"section\">\n\t\t\t\t\t\t<div class=\"elementor-container elementor-column-gap-default\">\n\t\t\t\t\t<div class=\"elementor-column elementor-col-100 elementor-top-column elementor-element elementor-element-09b458b\" data-id=\"09b458b\" data-element_type=\"column\">\n\t\t\t<div class=\"elementor-widget-wrap elementor-element-populated\">\n\t\t\t\t\t\t\t\t<div class=\"elementor-element elementor-element-a044c40 elementor-widget-divider--view-line_icon elementor-view-default elementor-widget-divider--element-align-center elementor-widget elementor-widget-divider\" data-id=\"a044c40\" data-element_type=\"widget\" data-widget_type=\"divider.default\">\n\t\t\t\t<div class=\"elementor-widget-container\">\n\t\t\t<style>\/*! elementor - v3.6.1 - 23-03-2022 *\/\n.elementor-widget-divider{--divider-border-style:none;--divider-border-width:1px;--divider-color:#2c2c2c;--divider-icon-size:20px;--divider-element-spacing:10px;--divider-pattern-height:24px;--divider-pattern-size:20px;--divider-pattern-url:none;--divider-pattern-repeat:repeat-x}.elementor-widget-divider .elementor-divider{display:-webkit-box;display:-ms-flexbox;display:flex}.elementor-widget-divider .elementor-divider__text{font-size:15px;line-height:1;max-width:95%}.elementor-widget-divider .elementor-divider__element{margin:0 var(--divider-element-spacing);-ms-flex-negative:0;flex-shrink:0}.elementor-widget-divider .elementor-icon{font-size:var(--divider-icon-size)}.elementor-widget-divider .elementor-divider-separator{display:-webkit-box;display:-ms-flexbox;display:flex;margin:0;direction:ltr}.elementor-widget-divider--view-line_icon .elementor-divider-separator,.elementor-widget-divider--view-line_text .elementor-divider-separator{-webkit-box-align:center;-ms-flex-align:center;align-items:center}.elementor-widget-divider--view-line_icon .elementor-divider-separator:after,.elementor-widget-divider--view-line_icon .elementor-divider-separator:before,.elementor-widget-divider--view-line_text .elementor-divider-separator:after,.elementor-widget-divider--view-line_text .elementor-divider-separator:before{display:block;content:\"\";border-bottom:0;-webkit-box-flex:1;-ms-flex-positive:1;flex-grow:1;border-top:var(--divider-border-width) var(--divider-border-style) var(--divider-color)}.elementor-widget-divider--element-align-left .elementor-divider .elementor-divider-separator>.elementor-divider__svg:first-of-type{-webkit-box-flex:0;-ms-flex-positive:0;flex-grow:0;-ms-flex-negative:100;flex-shrink:100}.elementor-widget-divider--element-align-left .elementor-divider-separator:before{content:none}.elementor-widget-divider--element-align-left .elementor-divider__element{margin-left:0}.elementor-widget-divider--element-align-right .elementor-divider .elementor-divider-separator>.elementor-divider__svg:last-of-type{-webkit-box-flex:0;-ms-flex-positive:0;flex-grow:0;-ms-flex-negative:100;flex-shrink:100}.elementor-widget-divider--element-align-right .elementor-divider-separator:after{content:none}.elementor-widget-divider--element-align-right .elementor-divider__element{margin-right:0}.elementor-widget-divider:not(.elementor-widget-divider--view-line_text):not(.elementor-widget-divider--view-line_icon) .elementor-divider-separator{border-top:var(--divider-border-width) var(--divider-border-style) var(--divider-color)}.elementor-widget-divider--separator-type-pattern{--divider-border-style:none}.elementor-widget-divider--separator-type-pattern.elementor-widget-divider--view-line .elementor-divider-separator,.elementor-widget-divider--separator-type-pattern:not(.elementor-widget-divider--view-line) .elementor-divider-separator:after,.elementor-widget-divider--separator-type-pattern:not(.elementor-widget-divider--view-line) .elementor-divider-separator:before,.elementor-widget-divider--separator-type-pattern:not([class*=elementor-widget-divider--view]) .elementor-divider-separator{width:100%;min-height:var(--divider-pattern-height);-webkit-mask-size:var(--divider-pattern-size) 100%;mask-size:var(--divider-pattern-size) 100%;-webkit-mask-repeat:var(--divider-pattern-repeat);mask-repeat:var(--divider-pattern-repeat);background-color:var(--divider-color);-webkit-mask-image:var(--divider-pattern-url);mask-image:var(--divider-pattern-url)}.elementor-widget-divider--no-spacing{--divider-pattern-size:auto}.elementor-widget-divider--bg-round{--divider-pattern-repeat:round}.rtl .elementor-widget-divider .elementor-divider__text{direction:rtl}<\/style>\t\t<div class=\"elementor-divider\">\n\t\t\t<span class=\"elementor-divider-separator\">\n\t\t\t\t\t\t\t<div class=\"elementor-icon elementor-divider__element\">\n\t\t\t\t\t<i aria-hidden=\"true\" class=\"fas fa-university\"><\/i><\/div>\n\t\t\t\t\t\t<\/span>\n\t\t<\/div>\n\t\t\t\t<\/div>\n\t\t\t\t<\/div>\n\t\t\t\t<div class=\"elementor-element elementor-element-162b91d elementor-widget elementor-widget-text-editor\" data-id=\"162b91d\" data-element_type=\"widget\" data-widget_type=\"text-editor.default\">\n\t\t\t\t<div class=\"elementor-widget-container\">\n\t\t\t<style>\/*! elementor - v3.6.1 - 23-03-2022 *\/\n.elementor-widget-text-editor.elementor-drop-cap-view-stacked .elementor-drop-cap{background-color:#818a91;color:#fff}.elementor-widget-text-editor.elementor-drop-cap-view-framed .elementor-drop-cap{color:#818a91;border:3px solid;background-color:transparent}.elementor-widget-text-editor:not(.elementor-drop-cap-view-default) .elementor-drop-cap{margin-top:8px}.elementor-widget-text-editor:not(.elementor-drop-cap-view-default) .elementor-drop-cap-letter{width:1em;height:1em}.elementor-widget-text-editor .elementor-drop-cap{float:left;text-align:center;line-height:1;font-size:50px}.elementor-widget-text-editor .elementor-drop-cap-letter{display:inline-block}<\/style>\t\t\t\t<ul><li><p><strong>Conferin\u021be organizate \u00een perioada 2020-2024:<\/strong><\/p><ul><li>International Students\u2019 Conference on Communication &#8211; ISCC (anual: 28-29 mai 2020; 19 mai 2021; 17-19 mai 2022; 17-18 mai 2023; 22-23 mai 2024)<\/li><li>Communicating Identities, a CORE Conference (11-14 decembrie 2023)<\/li><li>Workshopul \u0218colii Doctorale Comunicare, Rela\u021bii Publice \u0219i Publicitate \u00een parteneriat cu Hochschule Mittweida (20-21 noiembrie 2023, Mitwaida, Germania)<\/li><li>Conferinta Fake News \u2013 Fake Reality. Rezilien\u021b\u0103 prin g\u00e2ndire critic\u0103 (17 octombrie 2023)<\/li><li>The International Graduate Conference in Communication (9-10 iunie 2022)<\/li><li>Entrepreneurship and Research Conference &#8211; Digital Transformation, 28-30 martie 2022# 20 de Comunicatori pentru 20 de ani de \u0218coal\u0103 de Comunicare (22-24 noiembrie 2022)<\/li><li>Innovation, Entrepreneurship and Society, a doua edit\u0326ie, 15 Iulie 2021<\/li><li>Innovation, Entrepreneurship and Society, edi\u021bia I, 21 Iulie 2020<\/li><\/ul><p>\u00a0<\/p><p><strong>Particip\u0103ri prestigioase la Conferin\u021be \u00een perioada 2020-2024:<\/strong><\/p><ul><li>International Communication Association Conference &#8211; ICA (Statele Unite ale Americii, Canada)<\/li><li>European Communication Research and Education Association Conference &#8211; ECREA (Belgia, Portugalia, Danemarca, Slovenia, Estonia)<\/li><li>International Conference on Research in Advertising \u2013 ICORIA &#8211; European Advertising Academy (Fran\u021ba, Grecia)<\/li><li>International Academic Conference on Research in Social Sciences (Danemarca, Marea Britanie)<\/li><li>International Workshop Analyzing Citizen Engagement with European Politics through Social Media (Norvegia)<\/li><li>Congresul Mediaflows Disidencia y Comunicaci\u00f3n (Spania)<\/li><li>Conferinta internationala DigiKomm 2021 Targeted: Digitale Kommunikation Und Werbung (Germania)<\/li><li>Workshop international East-West Forum (Germania)<\/li><li>Preconferinta ICA Comparative Privacy and the Literacies of a Networked Age: A Critical Approach (Fran\u021ba)<\/li><li>Digital Media, Democracy and Civil Society in Central and Eastern Europe (Polonia)<\/li><li>American Political Science Association &#8211; APSA (Statele Unite ale Americii)<\/li><li>Conferin\u021ba interna\u021bional\u0103 Visual Literacy \u2013 Bildkompetenzen in digitalin Medienwelten (Germania)<\/li><li>Conferin\u021ba interna\u021bional\u0103 Beyond Digital Political Communication (Italia).<\/li><\/ul><p><strong>\u00a0<\/strong><\/p><p><strong>Volume ale conferin\u021belor organizate <\/strong><strong>\u00een perioada 2020-2024<\/strong><strong>:<\/strong><\/p><ul><li>Ioan Hosu, Lorina Culic, Andreea Voina (2022). Entrepreneurship Through Digital Transformation and Social Changes. Cluj University Press, ISBN 978-606-37-1703-1<\/li><li>Lorina Culic, Hosu \u200b\u200bIoan (2022). Connecting Innovation, Education And Economics, Cluj University Press, ISBN978-606-37-1415-3<\/li><li>Hosu \u200b\u200bIoan, Lorina Culic (2021). Building Bridges \u2013 Innovation, Entrepreneurship And Society, Cluj University Press, ISBN 978-606-37-1141-1<\/li><\/ul><\/li><\/ul>\t\t\t\t\t\t<\/div>\n\t\t\t\t<\/div>\n\t\t\t\t\t<\/div>\n\t\t<\/div>\n\t\t\t\t\t\t\t<\/div>\n\t\t<\/section>\n\t\t\t\t\t\t\t<\/div>\n\t\t","protected":false},"excerpt":{"rendered":"<p>Conferin\u021be \u0219i volume Conferin\u021be organizate \u00een perioada 2020-2024: International Students\u2019 Conference on Communication &#8211; ISCC (anual: 28-29 mai 2020; 19 mai 2021; 17-19 mai 2022; 17-18 mai 2023; 22-23 mai 2024) Communicating Identities, a CORE Conference (11-14 decembrie 2023) Workshopul \u0218colii Doctorale Comunicare, Rela\u021bii Publice \u0219i Publicitate \u00een parteneriat cu Hochschule Mittweida (20-21 noiembrie 2023,&hellip;<\/p>\n","protected":false},"author":1,"featured_media":0,"parent":0,"menu_order":0,"comment_status":"closed","ping_status":"closed","template":"fullwidth.php","meta":{"footnotes":""},"class_list":["post-13207","page","type-page","status-publish","hentry"],"_links":{"self":[{"href":"https:\/\/fspac.ubbcluj.ro\/core\/wp-json\/wp\/v2\/pages\/13207","targetHints":{"allow":["GET"]}}],"collection":[{"href":"https:\/\/fspac.ubbcluj.ro\/core\/wp-json\/wp\/v2\/pages"}],"about":[{"href":"https:\/\/fspac.ubbcluj.ro\/core\/wp-json\/wp\/v2\/types\/page"}],"author":[{"embeddable":true,"href":"https:\/\/fspac.ubbcluj.ro\/core\/wp-json\/wp\/v2\/users\/1"}],"replies":[{"embeddable":true,"href":"https:\/\/fspac.ubbcluj.ro\/core\/wp-json\/wp\/v2\/comments?post=13207"}],"version-history":[{"count":13,"href":"https:\/\/fspac.ubbcluj.ro\/core\/wp-json\/wp\/v2\/pages\/13207\/revisions"}],"predecessor-version":[{"id":13336,"href":"https:\/\/fspac.ubbcluj.ro\/core\/wp-json\/wp\/v2\/pages\/13207\/revisions\/13336"}],"wp:attachment":[{"href":"https:\/\/fspac.ubbcluj.ro\/core\/wp-json\/wp\/v2\/media?parent=13207"}],"curies":[{"name":"wp","href":"https:\/\/api.w.org\/{rel}","templated":true}]}}