{"id":13194,"date":"2022-03-17T10:03:28","date_gmt":"2022-03-17T10:03:28","guid":{"rendered":"https:\/\/fspac.ubbcluj.ro\/core\/?page_id=13194"},"modified":"2025-12-03T10:05:38","modified_gmt":"2025-12-03T10:05:38","slug":"domenii-de-cercetare","status":"publish","type":"page","link":"https:\/\/fspac.ubbcluj.ro\/core\/domenii-de-cercetare\/","title":{"rendered":"Domenii de cercetare"},"content":{"rendered":"\t\t<div data-elementor-type=\"wp-page\" data-elementor-id=\"13194\" class=\"elementor elementor-13194\">\n\t\t\t\t\t\t\t\t\t<section class=\"elementor-section elementor-top-section elementor-element elementor-element-9386d74 elementor-section-boxed elementor-section-height-default elementor-section-height-default\" data-id=\"9386d74\" data-element_type=\"section\">\n\t\t\t\t\t\t<div class=\"elementor-container elementor-column-gap-default\">\n\t\t\t\t\t<div class=\"elementor-column elementor-col-100 elementor-top-column elementor-element elementor-element-d41e72a\" data-id=\"d41e72a\" data-element_type=\"column\">\n\t\t\t<div class=\"elementor-widget-wrap elementor-element-populated\">\n\t\t\t\t\t\t\t\t<div class=\"elementor-element elementor-element-78b2309 elementor-widget elementor-widget-heading\" data-id=\"78b2309\" data-element_type=\"widget\" data-widget_type=\"heading.default\">\n\t\t\t\t<div class=\"elementor-widget-container\">\n\t\t\t<style>\/*! elementor - v3.6.1 - 23-03-2022 *\/\n.elementor-heading-title{padding:0;margin:0;line-height:1}.elementor-widget-heading .elementor-heading-title[class*=elementor-size-]>a{color:inherit;font-size:inherit;line-height:inherit}.elementor-widget-heading .elementor-heading-title.elementor-size-small{font-size:15px}.elementor-widget-heading .elementor-heading-title.elementor-size-medium{font-size:19px}.elementor-widget-heading .elementor-heading-title.elementor-size-large{font-size:29px}.elementor-widget-heading .elementor-heading-title.elementor-size-xl{font-size:39px}.elementor-widget-heading .elementor-heading-title.elementor-size-xxl{font-size:59px}<\/style><h2 class=\"elementor-heading-title elementor-size-default\">Domenii de cercetare CoRe<\/h2>\t\t<\/div>\n\t\t\t\t<\/div>\n\t\t\t\t<div class=\"elementor-element elementor-element-bb36430 elementor-widget elementor-widget-spacer\" data-id=\"bb36430\" data-element_type=\"widget\" data-widget_type=\"spacer.default\">\n\t\t\t\t<div class=\"elementor-widget-container\">\n\t\t\t<style>\/*! elementor - v3.6.1 - 23-03-2022 *\/\n.e-container.e-container--row .elementor-spacer-inner{width:var(--spacer-size)}.e-container.e-container--column .elementor-spacer-inner,.elementor-column .elementor-spacer-inner{height:var(--spacer-size)}<\/style>\t\t<div class=\"elementor-spacer\">\n\t\t\t<div class=\"elementor-spacer-inner\"><\/div>\n\t\t<\/div>\n\t\t\t\t<\/div>\n\t\t\t\t<\/div>\n\t\t\t\t\t<\/div>\n\t\t<\/div>\n\t\t\t\t\t\t\t<\/div>\n\t\t<\/section>\n\t\t\t\t<section class=\"elementor-section elementor-top-section elementor-element elementor-element-1d2058c elementor-section-boxed elementor-section-height-default elementor-section-height-default\" data-id=\"1d2058c\" data-element_type=\"section\">\n\t\t\t\t\t\t<div class=\"elementor-container elementor-column-gap-default\">\n\t\t\t\t\t<div class=\"elementor-column elementor-col-100 elementor-top-column elementor-element elementor-element-09b458b\" data-id=\"09b458b\" data-element_type=\"column\">\n\t\t\t<div class=\"elementor-widget-wrap elementor-element-populated\">\n\t\t\t\t\t\t\t\t<div class=\"elementor-element elementor-element-a044c40 elementor-widget-divider--view-line_icon elementor-view-default elementor-widget-divider--element-align-center elementor-widget elementor-widget-divider\" data-id=\"a044c40\" data-element_type=\"widget\" data-widget_type=\"divider.default\">\n\t\t\t\t<div class=\"elementor-widget-container\">\n\t\t\t<style>\/*! elementor - v3.6.1 - 23-03-2022 *\/\n.elementor-widget-divider{--divider-border-style:none;--divider-border-width:1px;--divider-color:#2c2c2c;--divider-icon-size:20px;--divider-element-spacing:10px;--divider-pattern-height:24px;--divider-pattern-size:20px;--divider-pattern-url:none;--divider-pattern-repeat:repeat-x}.elementor-widget-divider .elementor-divider{display:-webkit-box;display:-ms-flexbox;display:flex}.elementor-widget-divider .elementor-divider__text{font-size:15px;line-height:1;max-width:95%}.elementor-widget-divider .elementor-divider__element{margin:0 var(--divider-element-spacing);-ms-flex-negative:0;flex-shrink:0}.elementor-widget-divider .elementor-icon{font-size:var(--divider-icon-size)}.elementor-widget-divider .elementor-divider-separator{display:-webkit-box;display:-ms-flexbox;display:flex;margin:0;direction:ltr}.elementor-widget-divider--view-line_icon .elementor-divider-separator,.elementor-widget-divider--view-line_text .elementor-divider-separator{-webkit-box-align:center;-ms-flex-align:center;align-items:center}.elementor-widget-divider--view-line_icon .elementor-divider-separator:after,.elementor-widget-divider--view-line_icon .elementor-divider-separator:before,.elementor-widget-divider--view-line_text .elementor-divider-separator:after,.elementor-widget-divider--view-line_text .elementor-divider-separator:before{display:block;content:\"\";border-bottom:0;-webkit-box-flex:1;-ms-flex-positive:1;flex-grow:1;border-top:var(--divider-border-width) var(--divider-border-style) var(--divider-color)}.elementor-widget-divider--element-align-left .elementor-divider .elementor-divider-separator>.elementor-divider__svg:first-of-type{-webkit-box-flex:0;-ms-flex-positive:0;flex-grow:0;-ms-flex-negative:100;flex-shrink:100}.elementor-widget-divider--element-align-left .elementor-divider-separator:before{content:none}.elementor-widget-divider--element-align-left .elementor-divider__element{margin-left:0}.elementor-widget-divider--element-align-right .elementor-divider .elementor-divider-separator>.elementor-divider__svg:last-of-type{-webkit-box-flex:0;-ms-flex-positive:0;flex-grow:0;-ms-flex-negative:100;flex-shrink:100}.elementor-widget-divider--element-align-right .elementor-divider-separator:after{content:none}.elementor-widget-divider--element-align-right .elementor-divider__element{margin-right:0}.elementor-widget-divider:not(.elementor-widget-divider--view-line_text):not(.elementor-widget-divider--view-line_icon) .elementor-divider-separator{border-top:var(--divider-border-width) var(--divider-border-style) var(--divider-color)}.elementor-widget-divider--separator-type-pattern{--divider-border-style:none}.elementor-widget-divider--separator-type-pattern.elementor-widget-divider--view-line .elementor-divider-separator,.elementor-widget-divider--separator-type-pattern:not(.elementor-widget-divider--view-line) .elementor-divider-separator:after,.elementor-widget-divider--separator-type-pattern:not(.elementor-widget-divider--view-line) .elementor-divider-separator:before,.elementor-widget-divider--separator-type-pattern:not([class*=elementor-widget-divider--view]) .elementor-divider-separator{width:100%;min-height:var(--divider-pattern-height);-webkit-mask-size:var(--divider-pattern-size) 100%;mask-size:var(--divider-pattern-size) 100%;-webkit-mask-repeat:var(--divider-pattern-repeat);mask-repeat:var(--divider-pattern-repeat);background-color:var(--divider-color);-webkit-mask-image:var(--divider-pattern-url);mask-image:var(--divider-pattern-url)}.elementor-widget-divider--no-spacing{--divider-pattern-size:auto}.elementor-widget-divider--bg-round{--divider-pattern-repeat:round}.rtl .elementor-widget-divider .elementor-divider__text{direction:rtl}<\/style>\t\t<div class=\"elementor-divider\">\n\t\t\t<span class=\"elementor-divider-separator\">\n\t\t\t\t\t\t\t<div class=\"elementor-icon elementor-divider__element\">\n\t\t\t\t\t<i aria-hidden=\"true\" class=\"fas fa-university\"><\/i><\/div>\n\t\t\t\t\t\t<\/span>\n\t\t<\/div>\n\t\t\t\t<\/div>\n\t\t\t\t<\/div>\n\t\t\t\t<div class=\"elementor-element elementor-element-162b91d elementor-widget elementor-widget-text-editor\" data-id=\"162b91d\" data-element_type=\"widget\" data-widget_type=\"text-editor.default\">\n\t\t\t\t<div class=\"elementor-widget-container\">\n\t\t\t<style>\/*! elementor - v3.6.1 - 23-03-2022 *\/\n.elementor-widget-text-editor.elementor-drop-cap-view-stacked .elementor-drop-cap{background-color:#818a91;color:#fff}.elementor-widget-text-editor.elementor-drop-cap-view-framed .elementor-drop-cap{color:#818a91;border:3px solid;background-color:transparent}.elementor-widget-text-editor:not(.elementor-drop-cap-view-default) .elementor-drop-cap{margin-top:8px}.elementor-widget-text-editor:not(.elementor-drop-cap-view-default) .elementor-drop-cap-letter{width:1em;height:1em}.elementor-widget-text-editor .elementor-drop-cap{float:left;text-align:center;line-height:1;font-size:50px}.elementor-widget-text-editor .elementor-drop-cap-letter{display:inline-block}<\/style>\t\t\t\t<ul><li>Comunicare politic\u0103 (marketing politic, PR politic)<\/li><li>Comunicare organiza\u021bional\u0103<\/li><li>Comunicare mediatic\u0103 (media tradi\u021bional\u0103, social media, new media)<\/li><li>Comunicare verbal\u0103 \u0219i non-verbal\u0103<\/li><li>Comunicare publicitar\u0103<\/li><li>Fake news, post-adev\u0103r \u0219i infodemia<\/li><li>Rela\u021bii publice<\/li><li>Comunicare inteligent\u0103 (utilizarea noilor tehnologii \u00een procesul de comunicare)<\/li><li>Strategii creative \u00een procesul de comunicare<\/li><li>Branding (branding de produs, branding corporatist, branding de loca\u021bie, branding senzorial)<\/li><li>Comportament de consum \u0219i proces decizional<\/li><\/ul>\t\t\t\t\t\t<\/div>\n\t\t\t\t<\/div>\n\t\t\t\t\t<\/div>\n\t\t<\/div>\n\t\t\t\t\t\t\t<\/div>\n\t\t<\/section>\n\t\t\t\t<section class=\"elementor-section elementor-top-section elementor-element elementor-element-b020b7e elementor-section-boxed elementor-section-height-default elementor-section-height-default\" data-id=\"b020b7e\" data-element_type=\"section\">\n\t\t\t\t\t\t<div class=\"elementor-container elementor-column-gap-default\">\n\t\t\t\t\t<div class=\"elementor-column elementor-col-100 elementor-top-column elementor-element elementor-element-66c818a\" data-id=\"66c818a\" data-element_type=\"column\">\n\t\t\t<div class=\"elementor-widget-wrap elementor-element-populated\">\n\t\t\t\t\t\t\t\t<div class=\"elementor-element elementor-element-03c6da6 elementor-widget elementor-widget-accordion\" data-id=\"03c6da6\" data-element_type=\"widget\" data-widget_type=\"accordion.default\">\n\t\t\t\t<div class=\"elementor-widget-container\">\n\t\t\t<style>\/*! elementor - v3.6.1 - 23-03-2022 *\/\n.elementor-accordion{text-align:left}.elementor-accordion .elementor-accordion-item{border:1px solid #d4d4d4}.elementor-accordion .elementor-accordion-item+.elementor-accordion-item{border-top:none}.elementor-accordion .elementor-tab-title{margin:0;padding:15px 20px;font-weight:700;line-height:1;cursor:pointer;outline:none}.elementor-accordion .elementor-tab-title .elementor-accordion-icon{display:inline-block;width:1.5em}.elementor-accordion .elementor-tab-title .elementor-accordion-icon svg{width:1em;height:1em}.elementor-accordion .elementor-tab-title .elementor-accordion-icon.elementor-accordion-icon-right{float:right;text-align:right}.elementor-accordion .elementor-tab-title .elementor-accordion-icon.elementor-accordion-icon-left{float:left;text-align:left}.elementor-accordion .elementor-tab-title .elementor-accordion-icon .elementor-accordion-icon-closed{display:block}.elementor-accordion .elementor-tab-title .elementor-accordion-icon .elementor-accordion-icon-opened,.elementor-accordion .elementor-tab-title.elementor-active .elementor-accordion-icon-closed{display:none}.elementor-accordion .elementor-tab-title.elementor-active .elementor-accordion-icon-opened{display:block}.elementor-accordion .elementor-tab-content{display:none;padding:15px 20px;border-top:1px solid #d4d4d4}@media (max-width:767px){.elementor-accordion .elementor-tab-title{padding:12px 15px}.elementor-accordion .elementor-tab-title .elementor-accordion-icon{width:1.2em}.elementor-accordion .elementor-tab-content{padding:7px 15px}}<\/style>\t\t<div class=\"elementor-accordion\" role=\"tablist\">\n\t\t\t\t\t\t\t<div class=\"elementor-accordion-item\">\n\t\t\t\t\t<div id=\"elementor-tab-title-3961\" class=\"elementor-tab-title\" data-tab=\"1\" role=\"tab\" aria-controls=\"elementor-tab-content-3961\" aria-expanded=\"false\">\n\t\t\t\t\t\t\t\t\t\t\t\t\t<span class=\"elementor-accordion-icon elementor-accordion-icon-left\" aria-hidden=\"true\">\n\t\t\t\t\t\t\t\t\t\t\t\t\t\t\t<span class=\"elementor-accordion-icon-closed\"><i class=\"fas fa-plus\"><\/i><\/span>\n\t\t\t\t\t\t\t\t<span class=\"elementor-accordion-icon-opened\"><i class=\"fas fa-minus\"><\/i><\/span>\n\t\t\t\t\t\t\t\t\t\t\t\t\t\t<\/span>\n\t\t\t\t\t\t\t\t\t\t\t\t<a class=\"elementor-accordion-title\" href=\"\">Infrastructur\u0103 de cercetare<\/a>\n\t\t\t\t\t<\/div>\n\t\t\t\t\t<div id=\"elementor-tab-content-3961\" class=\"elementor-tab-content elementor-clearfix\" data-tab=\"1\" role=\"tabpanel\" aria-labelledby=\"elementor-tab-title-3961\"><ol><li><strong>GazePoint GP3 Eye Tracker <\/strong><\/li><\/ol><p><strong>Descriere general\u0103<\/strong><\/p><p>GazePoint GP3 este un dispozitiv de eye-tracking destinat activit\u0103\u021bilor educa\u021bionale, de cercetare \u0219i formare \u00een domeniul comunic\u0103rii. Acesta permite analizarea modului \u00een care utilizatorii proceseaz\u0103 informa\u021bia vizual\u0103 \u0219i identificarea elementelor care atrag aten\u021bia \u00een diverse contexte media sau interactive.<\/p><p><strong>Domenii de utilizare<\/strong><\/p><ul><li>Analiza elementelor care capteaz\u0103 aten\u021bia unui utilizator \u00eentr-un mesaj vizual.<\/li><li>Studiul modului \u00een care participan\u021bii navigheaz\u0103 pe website-uri, aplica\u021bii sau platforme online.<\/li><li>Observarea tiparelor de privire \u00een interac\u021biuni mediate.<\/li><\/ul><p><strong>Specifica\u021bii tehnice <\/strong><\/p><ul><li>Utilizare facil\u0103 cu vizualizare \u00een timp real a privirii.<\/li><li>Suport pentru o gam\u0103 larg\u0103 de cercet\u0103ri \u00een domeniul comunic\u0103rii.<\/li><li>API deschis pentru experimente personalizate \u0219i analiz\u0103 avansat\u0103 a datelor.<\/li><\/ul><p><strong>Tipuri de m\u0103sur\u0103tori <\/strong><\/p><ul><li>Evaluarea aten\u021biei vizuale, a fix\u0103rilor \u0219i generarea de heatmap-uri pentru diferite tipuri de stimuli.<\/li><\/ul><p>\u00a0<\/p><ol start=\"2\"><li><strong>Oculus Rift S \u2013 VR Headset pentru PC<\/strong><\/li><\/ol><p><strong>Descriere general\u0103<\/strong><\/p><p>Oculus Rift S este o casc\u0103 de realitate virtual\u0103 pentru PC, utilizat\u0103 \u00een educa\u021bie, cercetare \u0219i training \u00een comunicare. Platforma permite simularea unor situa\u021bii interactive complexe, facilit\u00e2nd studierea comportamentelor, aten\u021biei \u0219i interac\u021biunii \u00een medii imersive.<\/p><p><strong>Domenii de utilizare<\/strong><\/p><ul><li>Activit\u0103\u021bi educa\u021bionale \u0219i de formare bazate pe simul\u0103ri VR.<\/li><li>Cercetare \u00een comunicare \u0219i comportament \u00een medii virtuale.<\/li><li>Exerci\u021bii de prezentare, persuasiune sau interac\u021biuni sociale simulate.<\/li><\/ul><p><strong>Specifica\u021bii tehnice <\/strong><\/p><ul><li>Tehnologie inside-out tracking f\u0103r\u0103 senzori externi.<\/li><li>Display high-resolution cu fast-switch pentru imagini clare \u0219i stabile.<\/li><li>Design ergonomic cu band\u0103 halo pentru confort sporit.<\/li><li>Controlere Oculus Touch pentru interac\u021biune natural\u0103.<\/li><li>Audio pozi\u021bional integrat pentru imersiune ridicat\u0103.<\/li><\/ul><p>\u00a0<\/p><ol start=\"3\"><li><strong>Meta Quest 2 \u2013 Advanced All-In-One VR Headset<\/strong><\/li><\/ol><p><strong>Descriere general\u0103<\/strong><\/p><p>Meta Quest 2 este o casc\u0103 VR all-in-one, autonom\u0103, ideal\u0103 pentru activit\u0103\u021bi educa\u021bionale, de cercetare \u0219i training \u00een domeniul comunic\u0103rii. F\u0103r\u0103 a necesita cabluri sau PC, ofer\u0103 flexibilitate crescut\u0103 \u00een utilizare \u0219i mobilitate ridicat\u0103.<\/p><p><strong>Domenii de utilizare<\/strong><\/p><ul><li>Lec\u021bii, simul\u0103ri \u0219i activit\u0103\u021bi practice \u00een VR.<\/li><li>Cercet\u0103ri privind comunicarea \u00een spa\u021bii virtuale.<\/li><li>Sesiuni de training interactive \u0219i colaborative.<\/li><\/ul><p><strong>Specifica\u021bii tehnice <\/strong><\/p><ul><li>Sistem all-in-one, func\u021bioneaz\u0103 independent, f\u0103r\u0103 PC.<\/li><li>Tehnologie de hand tracking integrat\u0103 pentru interac\u021biune natural\u0103.<\/li><li>Design u\u0219or, confortabil, optim pentru sesiuni lungi \u0219i activit\u0103\u021bi la clas\u0103<\/li><\/ul><\/div>\n\t\t\t\t<\/div>\n\t\t\t\t\t\t\t<div class=\"elementor-accordion-item\">\n\t\t\t\t\t<div id=\"elementor-tab-title-3962\" class=\"elementor-tab-title\" data-tab=\"2\" role=\"tab\" aria-controls=\"elementor-tab-content-3962\" aria-expanded=\"false\">\n\t\t\t\t\t\t\t\t\t\t\t\t\t<span class=\"elementor-accordion-icon elementor-accordion-icon-left\" aria-hidden=\"true\">\n\t\t\t\t\t\t\t\t\t\t\t\t\t\t\t<span class=\"elementor-accordion-icon-closed\"><i class=\"fas fa-plus\"><\/i><\/span>\n\t\t\t\t\t\t\t\t<span class=\"elementor-accordion-icon-opened\"><i class=\"fas fa-minus\"><\/i><\/span>\n\t\t\t\t\t\t\t\t\t\t\t\t\t\t<\/span>\n\t\t\t\t\t\t\t\t\t\t\t\t<a class=\"elementor-accordion-title\" href=\"\">Research infrastructure<\/a>\n\t\t\t\t\t<\/div>\n\t\t\t\t\t<div id=\"elementor-tab-content-3962\" class=\"elementor-tab-content elementor-clearfix\" data-tab=\"2\" role=\"tabpanel\" aria-labelledby=\"elementor-tab-title-3962\"><ol><li><strong>GazePoint GP3 Eye Tracker <\/strong><\/li><\/ol><p><strong>General description<\/strong><\/p><p>The GazePoint GP3 is an eye-tracking device designed for educational, research, and training activities in communication. It enables the analysis of visual processing, attention allocation, and user interaction with various media and digital interfaces.<\/p><p><strong>Fields of application<\/strong><\/p><ul><li>Identifying which elements of a visual message attract attention first.<\/li><li>Studying how users navigate websites, apps, or online platforms.<\/li><li>Observing gaze patterns during mediated interactions.<\/li><\/ul><p><strong>Technical specifications <\/strong><\/p><ul><li>Easy classroom use with real-time gaze visualization.<\/li><li>Supports a wide range of communication research.<\/li><li>Open API for customized experiments and advanced data analysis.<\/li><\/ul><p><strong>Measurements <\/strong><\/p><ul><li>Visual attention tracking, fixation analysis, and heatmap generation for different stimuli.<\/li><\/ul><p><strong>\u00a0<\/strong><strong>\u00a0<\/strong><\/p><ol start=\"2\"><li><strong>Oculus Rift S \u2013 VR Headset for PC<\/strong><\/li><\/ol><p><strong>General description<\/strong><\/p><p>The Oculus Rift S is a PC-based virtual reality headset used for educational, research, and communication training applications. It supports immersive simulations that allow for controlled study of behavior, attention, and interaction in virtual environments.<\/p><p><strong>Fields of application<\/strong><\/p><ul><li>VR-based educational and training activities.<\/li><li>Communication and behavioral research in immersive settings.<\/li><li>Practice scenarios such as presentations, persuasion, or simulated social interactions.<\/li><\/ul><p><strong>Technical specifications <\/strong><\/p><ul><li>Inside-out tracking with no external sensors required.<\/li><li>High-resolution fast-switch display for clear, stable visuals.<\/li><li>Ergonomic halo headband for increased comfort.<\/li><li>Oculus Touch controllers enabling natural interaction.<\/li><\/ul><p>\u00a0<\/p><ol start=\"3\"><li><strong>Meta Quest 2 \u2013 Advanced All-In-One VR Headset<\/strong><\/li><\/ol><p><strong>General description<\/strong><\/p><p>The Meta Quest 2 is an all-in-one, standalone VR headset ideal for educational, research, and training activities in communication. It offers high mobility and convenience since it requires no cables or PC connection.<\/p><p><strong>Fields of application<\/strong><\/p><ul><li>Lessons, simulations, and practical VR activities.<\/li><li>Research on communication in virtual spaces.<\/li><li>Interactive and collaborative training sessions.<\/li><\/ul><p><strong>Technical specifications <\/strong><\/p><ul><li>All-in-one system functioning independently without a PC.<\/li><\/ul><ul><li>Built-in hand tracking for natural user interaction.<\/li><li>Lightweight, comfortable design suitable for long sessions and classroom use.<\/li><\/ul><\/div>\n\t\t\t\t<\/div>\n\t\t\t\t\t\t\t\t<\/div>\n\t\t\t\t<\/div>\n\t\t\t\t<\/div>\n\t\t\t\t\t<\/div>\n\t\t<\/div>\n\t\t\t\t\t\t\t<\/div>\n\t\t<\/section>\n\t\t\t\t\t\t\t<\/div>\n\t\t","protected":false},"excerpt":{"rendered":"<p>Domenii de cercetare CoRe Comunicare politic\u0103 (marketing politic, PR politic) Comunicare organiza\u021bional\u0103 Comunicare mediatic\u0103 (media tradi\u021bional\u0103, social media, new media) Comunicare verbal\u0103 \u0219i non-verbal\u0103 Comunicare publicitar\u0103 Fake news, post-adev\u0103r \u0219i infodemia Rela\u021bii publice Comunicare inteligent\u0103 (utilizarea noilor tehnologii \u00een procesul de comunicare) Strategii creative \u00een procesul de comunicare Branding (branding de produs, branding corporatist, branding&hellip;<\/p>\n","protected":false},"author":1,"featured_media":0,"parent":0,"menu_order":0,"comment_status":"closed","ping_status":"closed","template":"fullwidth.php","meta":{"footnotes":""},"class_list":["post-13194","page","type-page","status-publish","hentry"],"_links":{"self":[{"href":"https:\/\/fspac.ubbcluj.ro\/core\/wp-json\/wp\/v2\/pages\/13194","targetHints":{"allow":["GET"]}}],"collection":[{"href":"https:\/\/fspac.ubbcluj.ro\/core\/wp-json\/wp\/v2\/pages"}],"about":[{"href":"https:\/\/fspac.ubbcluj.ro\/core\/wp-json\/wp\/v2\/types\/page"}],"author":[{"embeddable":true,"href":"https:\/\/fspac.ubbcluj.ro\/core\/wp-json\/wp\/v2\/users\/1"}],"replies":[{"embeddable":true,"href":"https:\/\/fspac.ubbcluj.ro\/core\/wp-json\/wp\/v2\/comments?post=13194"}],"version-history":[{"count":10,"href":"https:\/\/fspac.ubbcluj.ro\/core\/wp-json\/wp\/v2\/pages\/13194\/revisions"}],"predecessor-version":[{"id":13352,"href":"https:\/\/fspac.ubbcluj.ro\/core\/wp-json\/wp\/v2\/pages\/13194\/revisions\/13352"}],"wp:attachment":[{"href":"https:\/\/fspac.ubbcluj.ro\/core\/wp-json\/wp\/v2\/media?parent=13194"}],"curies":[{"name":"wp","href":"https:\/\/api.w.org\/{rel}","templated":true}]}}