{"id":1547,"date":"2018-04-06T10:10:23","date_gmt":"2018-04-06T10:10:23","guid":{"rendered":"http:\/\/kom.gledisweb.com\/?page_id=1547"},"modified":"2026-02-20T11:04:46","modified_gmt":"2026-02-20T11:04:46","slug":"kepzeseink-alapkepzes-orarend","status":"publish","type":"page","link":"https:\/\/fspac.ubbcluj.ro\/bbtekomm\/kepzeseink-alapkepzes-orarend\/","title":{"rendered":"K\u00e9pz\u00e9seink-Alapk\u00e9pz\u00e9s-\u00d3rarend"},"content":{"rendered":"\n<h3><strong>ELS\u0150 \u00c9V<\/strong><\/h3>\n\n\n\n<p>Els\u0151 f\u00e9lves \u00f3rarend: <a href=\"https:\/\/fspac.ubbcluj.ro\/bbtekomm\/wp-content\/uploads\/2025\/09\/orarend_2025\u20132026-I-BA-I.pdf\" target=\"_blank\" rel=\"noopener\" title=\"\"><img class=\"wp-image-4220\" style=\"width: NaNpx;\" src=\"https:\/\/fspac.ubbcluj.ro\/bbtekomm\/wp-content\/uploads\/2024\/09\/Orarend_2024-2025_BA_elsoev_elso_felev-1.pdf\" alt=\"\">megn\u00e9zem<\/a><\/p>\n\n\n\n<p>M\u00e1sodik f\u00e9l\u00e9ves \u00f3rarend: <a href=\"https:\/\/fspac.ubbcluj.ro\/bbtekomm\/wp-content\/uploads\/2026\/02\/2025-26_IIfelev_BAI.pdf\" target=\"_blank\" rel=\"noopener\" title=\"\">megn\u00e9zem<\/a><\/p>\n\n\n\n<div style=\"height:20px\" aria-hidden=\"true\" class=\"wp-block-spacer\"><\/div>\n\n\n\n<h3><strong>M\u00c1SOD\u00c9V<\/strong><\/h3>\n\n\n\n<p>Els\u0151 f\u00e9l\u00e9ves \u00f3rarend: <a href=\"https:\/\/fspac.ubbcluj.ro\/bbtekomm\/wp-content\/uploads\/2025\/09\/orarend_2025\u20132026-I-BA-II.pdf\" target=\"_blank\" rel=\"noopener\" title=\"\">megn\u00e9zem<\/a><\/p>\n\n\n\n<p><img class=\"wp-image-4019\" style=\"width: NaNpx;\" src=\"https:\/\/fspac.ubbcluj.ro\/bbtekomm\/wp-content\/uploads\/2023\/10\/Orarend_2023-2024_I-BA-II.pdf\" alt=\"\">M\u00e1sodik f\u00e9l\u00e9ves \u00f3rarend: <a href=\"https:\/\/fspac.ubbcluj.ro\/bbtekomm\/wp-content\/uploads\/2026\/02\/2025-26_IIfelev_BAII.pdf\" target=\"_blank\" rel=\"noopener\" title=\"\">megn\u00e9zem<\/a><\/p>\n\n\n\n<div style=\"height:20px\" aria-hidden=\"true\" class=\"wp-block-spacer\"><\/div>\n\n\n\n<h3><strong>HARMAD\u00c9V<\/strong><\/h3>\n\n\n\n<p>Els\u0151 f\u00e9l\u00e9ves \u00f3rarend: <a href=\"https:\/\/fspac.ubbcluj.ro\/bbtekomm\/wp-content\/uploads\/2025\/09\/orarend_2025\u20132026-I-BA-III.pdf\" target=\"_blank\" rel=\"noopener\" title=\"\">megn\u00e9zem<\/a><\/p>\n\n\n\n<p>M\u00e1sodik f\u00e9l\u00e9ves \u00f3rarend: <a href=\"https:\/\/fspac.ubbcluj.ro\/bbtekomm\/wp-content\/uploads\/2026\/02\/2025-26_IIfelev_BAIII.pdf\" target=\"_blank\" rel=\"noopener\" title=\"\">megn\u00e9zem<\/a><\/p>\n","protected":false},"excerpt":{"rendered":"<p>ELS\u0150 \u00c9V Els\u0151 f\u00e9lves \u00f3rarend: megn\u00e9zem M\u00e1sodik f\u00e9l\u00e9ves \u00f3rarend: megn\u00e9zem M\u00c1SOD\u00c9V Els\u0151 f\u00e9l\u00e9ves \u00f3rarend: megn\u00e9zem M\u00e1sodik f\u00e9l\u00e9ves \u00f3rarend: megn\u00e9zem HARMAD\u00c9V Els\u0151 f\u00e9l\u00e9ves \u00f3rarend: megn\u00e9zem M\u00e1sodik f\u00e9l\u00e9ves \u00f3rarend: megn\u00e9zem<\/p>\n","protected":false},"author":1,"featured_media":0,"parent":0,"menu_order":0,"comment_status":"closed","ping_status":"closed","template":"","meta":{"_et_pb_use_builder":"","_et_pb_old_content":"","_et_gb_content_width":"","om_disable_all_campaigns":false,"_mi_skip_tracking":false},"categories":[10],"tags":[],"aioseo_notices":[],"_links":{"self":[{"href":"https:\/\/fspac.ubbcluj.ro\/bbtekomm\/wp-json\/wp\/v2\/pages\/1547"}],"collection":[{"href":"https:\/\/fspac.ubbcluj.ro\/bbtekomm\/wp-json\/wp\/v2\/pages"}],"about":[{"href":"https:\/\/fspac.ubbcluj.ro\/bbtekomm\/wp-json\/wp\/v2\/types\/page"}],"author":[{"embeddable":true,"href":"https:\/\/fspac.ubbcluj.ro\/bbtekomm\/wp-json\/wp\/v2\/users\/1"}],"replies":[{"embeddable":true,"href":"https:\/\/fspac.ubbcluj.ro\/bbtekomm\/wp-json\/wp\/v2\/comments?post=1547"}],"version-history":[{"count":100,"href":"https:\/\/fspac.ubbcluj.ro\/bbtekomm\/wp-json\/wp\/v2\/pages\/1547\/revisions"}],"predecessor-version":[{"id":4367,"href":"https:\/\/fspac.ubbcluj.ro\/bbtekomm\/wp-json\/wp\/v2\/pages\/1547\/revisions\/4367"}],"wp:attachment":[{"href":"https:\/\/fspac.ubbcluj.ro\/bbtekomm\/wp-json\/wp\/v2\/media?parent=1547"}],"wp:term":[{"taxonomy":"category","embeddable":true,"href":"https:\/\/fspac.ubbcluj.ro\/bbtekomm\/wp-json\/wp\/v2\/categories?post=1547"},{"taxonomy":"post_tag","embeddable":true,"href":"https:\/\/fspac.ubbcluj.ro\/bbtekomm\/wp-json\/wp\/v2\/tags?post=1547"}],"curies":[{"name":"wp","href":"https:\/\/api.w.org\/{rel}","templated":true}]}}