{"id":1541,"date":"2018-04-06T10:08:34","date_gmt":"2018-04-06T10:08:34","guid":{"rendered":"http:\/\/kom.gledisweb.com\/?page_id=1541"},"modified":"2026-02-20T11:06:09","modified_gmt":"2026-02-20T11:06:09","slug":"kepzeseink-mesterkepzes-orarend","status":"publish","type":"page","link":"https:\/\/fspac.ubbcluj.ro\/bbtekomm\/kepzeseink-mesterkepzes-orarend\/","title":{"rendered":"K\u00e9pz\u00e9seink-Mesterk\u00e9pz\u00e9s-\u00d3rarend"},"content":{"rendered":"\n<h3><strong>ELS\u0150 \u00c9V<\/strong><\/h3>\n\n\n\n<p>Els\u0151 f\u00e9l\u00e9ves \u00f3rarend: <a href=\"https:\/\/fspac.ubbcluj.ro\/bbtekomm\/wp-content\/uploads\/2025\/09\/orarend_2025\u20132026-I-MA-I.pdf\" target=\"_blank\" rel=\"noopener\" title=\"\">megn\u00e9zem<\/a><\/p>\n\n\n\n<p>M\u00e1sodik f\u00e9l\u00e9ves \u00f3rarend: <a href=\"https:\/\/fspac.ubbcluj.ro\/bbtekomm\/wp-content\/uploads\/2026\/02\/2025-26_IIfelev_MAI.pdf\" target=\"_blank\" rel=\"noopener\" title=\"\">megn\u00e9zem<\/a><\/p>\n\n\n\n<div style=\"height:20px\" aria-hidden=\"true\" class=\"wp-block-spacer\"><\/div>\n\n\n\n<h3><strong>M\u00c1SOD\u00c9V<\/strong><\/h3>\n\n\n\n<p>Els\u0151 f\u00e9l\u00e9ves \u00f3rarend: <a href=\"https:\/\/fspac.ubbcluj.ro\/bbtekomm\/wp-content\/uploads\/2025\/09\/orarend_2025\u20132026-I-MA-II.pdf\" target=\"_blank\" rel=\"noopener\" title=\"\">megn\u00e9zem<\/a><\/p>\n\n\n\n<p>M\u00e1sodik f\u00e9l\u00e9ves \u00f3rarend: <a href=\"https:\/\/fspac.ubbcluj.ro\/bbtekomm\/wp-content\/uploads\/2026\/02\/2025-26_IIfelev_MAII.pdf\" target=\"_blank\" rel=\"noopener\" title=\"\">megn\u00e9zem<\/a><\/p>\n","protected":false},"excerpt":{"rendered":"<p>ELS\u0150 \u00c9V Els\u0151 f\u00e9l\u00e9ves \u00f3rarend: megn\u00e9zem M\u00e1sodik f\u00e9l\u00e9ves \u00f3rarend: megn\u00e9zem M\u00c1SOD\u00c9V Els\u0151 f\u00e9l\u00e9ves \u00f3rarend: megn\u00e9zem M\u00e1sodik f\u00e9l\u00e9ves \u00f3rarend: megn\u00e9zem<\/p>\n","protected":false},"author":1,"featured_media":0,"parent":0,"menu_order":0,"comment_status":"closed","ping_status":"closed","template":"","meta":{"_et_pb_use_builder":"","_et_pb_old_content":"","_et_gb_content_width":"","om_disable_all_campaigns":false,"_mi_skip_tracking":false},"categories":[10],"tags":[],"aioseo_notices":[],"_links":{"self":[{"href":"https:\/\/fspac.ubbcluj.ro\/bbtekomm\/wp-json\/wp\/v2\/pages\/1541"}],"collection":[{"href":"https:\/\/fspac.ubbcluj.ro\/bbtekomm\/wp-json\/wp\/v2\/pages"}],"about":[{"href":"https:\/\/fspac.ubbcluj.ro\/bbtekomm\/wp-json\/wp\/v2\/types\/page"}],"author":[{"embeddable":true,"href":"https:\/\/fspac.ubbcluj.ro\/bbtekomm\/wp-json\/wp\/v2\/users\/1"}],"replies":[{"embeddable":true,"href":"https:\/\/fspac.ubbcluj.ro\/bbtekomm\/wp-json\/wp\/v2\/comments?post=1541"}],"version-history":[{"count":48,"href":"https:\/\/fspac.ubbcluj.ro\/bbtekomm\/wp-json\/wp\/v2\/pages\/1541\/revisions"}],"predecessor-version":[{"id":4370,"href":"https:\/\/fspac.ubbcluj.ro\/bbtekomm\/wp-json\/wp\/v2\/pages\/1541\/revisions\/4370"}],"wp:attachment":[{"href":"https:\/\/fspac.ubbcluj.ro\/bbtekomm\/wp-json\/wp\/v2\/media?parent=1541"}],"wp:term":[{"taxonomy":"category","embeddable":true,"href":"https:\/\/fspac.ubbcluj.ro\/bbtekomm\/wp-json\/wp\/v2\/categories?post=1541"},{"taxonomy":"post_tag","embeddable":true,"href":"https:\/\/fspac.ubbcluj.ro\/bbtekomm\/wp-json\/wp\/v2\/tags?post=1541"}],"curies":[{"name":"wp","href":"https:\/\/api.w.org\/{rel}","templated":true}]}}